{"id":1477,"date":"2017-03-31T07:51:36","date_gmt":"2017-03-31T07:51:36","guid":{"rendered":"http:\/\/www.figueruelas.es\/?page_id=1477"},"modified":"2022-04-19T11:35:48","modified_gmt":"2022-04-19T10:35:48","slug":"politica-de-privacidad-y-aviso-legal","status":"publish","type":"page","link":"https:\/\/www.figueruelas.es\/index.php\/politica-de-privacidad-y-aviso-legal\/","title":{"rendered":"Pol\u00edtica de privacidad y Aviso legal"},"content":{"rendered":"<div class=\"wpb-content-wrapper\"><p>[vc_row][vc_column][vc_column_text]<\/p>\n<div class=\"wpb_text_column wpb_content_element \">\n<div class=\"wpb_wrapper\">\n<p>Esta pol\u00edtica de privacidad establece la forma en que se van a gestionar los datos personales en esta web en cumplimiento de lo establecido en el Reglamento General de Protecci\u00f3n de datos (RGPD 2016\/679). Es imprescindible que la leas y aceptes antes de seguir navegando.<\/p>\n<p><a href=\"http:\/\/www.figueruelas.es\">figueruelas.es<\/a> es un proyecto del Ayuntamiento de Figueruelas.<\/p>\n<p>Esta pol\u00edtica de privacidad ha sido actualizada por \u00faltima vez el 09\/08\/2018<\/p>\n<\/div>\n<\/div>\n<p>[\/vc_column_text][vc_separator color=\u00bbcustom\u00bb accent_color=\u00bb#94acba\u00bb][vc_column_text]<\/p>\n<div class=\"wpb_text_column wpb_content_element \">\n<div class=\"wpb_wrapper\">\n<h2 style=\"text-align: center;\"><span style=\"color: #0077b9;\">Te damos la bienvenida a esta web y agradecemos que sigas leyendo.<\/span><\/h2>\n<p>En <a href=\"http:\/\/www.figueruelas.es\">figueruelas.es<\/a>\u00a0 se asume un compromiso permanente con la privacidad de los datos de suscriptores, contactos, clientes y se garantiza las mejores pr\u00e1cticas en el uso de datos de car\u00e1cter personal.<\/p>\n<p>Los mayores de trece a\u00f1os podr\u00e1n registrarse en <a href=\"http:\/\/www.figueruelas.es\">figueruelas.es<\/a> como usuarios sin el previo consentimiento de sus padres o tutores.<\/p>\n<p>En el caso de los menores de trece a\u00f1os se requiere el consentimiento de los padres o tutores para el tratamiento de sus datos personales.<\/p>\n<p>En ning\u00fan caso se recabar\u00e1n del menor de edad datos relativos a la situaci\u00f3n profesional, econ\u00f3mica o a la intimidad de los otros miembros de la familia, sin el consentimiento de \u00e9stos.<\/p>\n<p>Si eres menor de trece a\u00f1os y has accedido a este sitio web sin avisar a tus padres no debes registrarte como usuario.<\/p>\n<p>La plataforma podr\u00eda contener v\u00ednculos a sitios web de terceros. Si as\u00ed fuera, en ning\u00fan caso nos haremos responsables de las pr\u00e1cticas de protecci\u00f3n de datos ni del contenido de dichos sitios web. Por consiguiente, conviene que lea atentamente las pol\u00edticas de privacidad de cada sitio web antes de aceptar las condiciones y de proceder a su uso.<\/p>\n<p>Ayuntamiento de Figueruelas es titular de un fichero de datos de car\u00e1cter personal inscrito ante el R.G.P.D. (Registro General de Protecci\u00f3n de Datos), en los que los datos de los usuarios quedan incorporados y son tratados con el fin de responder a consultas, prestar los servicios solicitados mediante formulario de contacto, ejecutar la prestaci\u00f3n contratada por el usuario y proceder a su facturaci\u00f3n y cobro, gestionar el proceso del registro del usuario en el portal, moderar comentarios y gestionar la lista de suscriptores de esta web (env\u00edo de boletines)<\/p>\n<\/div>\n<\/div>\n<p>[\/vc_column_text][vc_separator color=\u00bbcustom\u00bb accent_color=\u00bb#94acba\u00bb][vc_column_text]<\/p>\n<div class=\"wpb_text_column wpb_content_element \">\n<div class=\"wpb_wrapper\">\n<h2 style=\"text-align: center;\"><span style=\"color: #0077b9;\">Responsable del tratamiento de sus datos personales<\/span><\/h2>\n<ul>\n<li>Denominaci\u00f3: Ayuntamiento de Figueruelas<\/li>\n<li>Domicilio social: Avda. Zaragoza , 11. 50639 Figueruelas (Zaragoza).<\/li>\n<li>Correo Electr\u00f3nico: <a href=\"mailto:info@figueruelas.es\">info@figueruelas.es<\/a><\/li>\n<li>Actividad: Ayuntamiento<\/li>\n<li>Inscrito ante el R.G.P.D. (Registro General de Protecci\u00f3n de Datos)<\/li>\n<\/ul>\n<p>A efectos de lo previsto en el Reglamento General de Protecci\u00f3n de Datos antes citado, los datos personales que me env\u00edes a trav\u00e9s de los formularios de la web, recibir\u00e1n el tratamiento de datos de \u201cUsuarios de la web y suscriptores\u201d.<\/p>\n<\/div>\n<\/div>\n<p>[\/vc_column_text][vc_separator color=\u00bbcustom\u00bb accent_color=\u00bb#94acba\u00bb][vc_column_text]<\/p>\n<div class=\"wpb_text_column wpb_content_element \">\n<div class=\"wpb_wrapper\">\n<h2 style=\"text-align: center;\"><span style=\"color: #0077b9;\">Env\u00edo y Registro de Datos de Car\u00e1cter Personal<\/span><\/h2>\n<p>El env\u00edo de datos de car\u00e1cter personal es obligatorio para contactar y realizar operaciones comerciales con Ayuntamiento de Figueruelas. Asimismo, el no facilitar los datos personales solicitados o el no aceptar la presente pol\u00edtica de protecci\u00f3n de datos supone la imposibilidad de suscribirse y procesar las solicitudes realizadas en este portal.<\/p>\n<h3><span style=\"color: #0077b9;\">Los supuestos en los que esta web requiere datos personales son:<\/span><\/h3>\n<ul>\n<li>Para el desarrollo, cumplimiento y ejecuci\u00f3n del contrato de compraventa de los productos que ha adquirido o de cualquier otro contrato entre ambos<\/li>\n<li>Para realizar la suscripci\u00f3n a la newsletter.<\/li>\n<li>Para realizar consultas a trav\u00e9s del formulario de contacto.<\/li>\n<li>Para solicitar cualquiera de los servicios y\/o productos que ofrecemos.<\/li>\n<\/ul>\n<h3><span style=\"color: #0077b9;\">La informaci\u00f3n personal se utilizar\u00e1 de la siguiente manera:<\/span><\/h3>\n<ol>\n<li>Para promocionar los servicios del Ayuntamiento de Figueruelas: Por ejemplo, si el Usuario deja su informaci\u00f3n personal en alguno de los formularios de contacto, podemos utilizar esos datos para enviarle informaci\u00f3n sobre sus servicios en el caso de que esta sea solicitada.<\/li>\n<li>Para gestionar la lista de suscripciones, enviar boletines, promociones y ofertas especiales.<\/li>\n<li>Para garantizar el cumplimiento de las condiciones de uso y la ley aplicable. Esto puede incluir desarrollo de herramientas y algoritmos que ayudan a esta web a garantizar la confidencialidad de los datos personales que recoge.<\/li>\n<li>Para la atenci\u00f3n al cliente y prestar servicios de seguimiento.<\/li>\n<li>Para establecer comunicaci\u00f3n con suscriptores y usuarios.<\/li>\n<li>En cada uno de los casos, como Usuario tendr\u00e1s plenos derechos sobre tus datos personales y sobre el uso de los mismos y podr\u00e1s ejercitarlos en cualquier momento.<\/li>\n<li>Para gestionar la venta de nuestros productos.<\/li>\n<\/ol>\n<\/div>\n<\/div>\n<p>[\/vc_column_text][vc_separator color=\u00bbcustom\u00bb accent_color=\u00bb#94acba\u00bb][vc_column_text]<\/p>\n<div class=\"wpb_text_column wpb_content_element \">\n<div class=\"wpb_wrapper\">\n<h2 style=\"text-align: center;\"><span style=\"color: #0077b9;\">Cesi\u00f3n de datos a terceros<\/span><\/h2>\n<p>En este sitio nunca y bajo ninguna circunstancia se compartir\u00e1n datos de usuarios obtenidos mediante este portal ni ser\u00e1n cedidos los datos de usuarios a terceros a menos que estos hayan sido informados previamente y se cuente con su expresa autorizaci\u00f3n o sea necesaria su intervenci\u00f3n.<\/p>\n<\/div>\n<\/div>\n<p>[\/vc_column_text][vc_separator color=\u00bbcustom\u00bb accent_color=\u00bb#94acba\u00bb][vc_column_text]<\/p>\n<div class=\"wpb_text_column wpb_content_element \">\n<div class=\"wpb_wrapper\">\n<h2 style=\"text-align: center;\"><span style=\"color: #0077b9;\">Servicios ofrecidos por terceros en esta web<\/span><\/h2>\n<p>Para proporcionar servicios estrictamente necesarios para el desarrollo de nuestra actividad, compartimos datos con los siguientes prestadores bajo sus correspondientes condiciones de privacidad.<\/p>\n<p>Todas las utilidades ofrecidas por terceros son estrictamente necesarias para el desarrollo de nuestros servicios y han sido seleccionados atendiendo al cumplimiento de los derechos que preservamos en esta web.<\/p>\n<p>Las siguientes empresas tendr\u00e1n acceso a la informaci\u00f3n personal necesaria para realizar sus funciones, pero no podr\u00e1n utilizarla para otros fines. Adem\u00e1s, deber\u00e1n tratar la informaci\u00f3n personal de conformidad con el presente Aviso de Privacidad y la legislaci\u00f3n aplicable en materia de protecci\u00f3n de datos.<\/p>\n<p>Todas las utilidades ofrecidas por terceros son estrictamente necesarias para el desarrollo de nuestros servicios y han sido seleccionados atendiendo al cumplimiento de los derechos que preservamos en esta web.<\/p>\n<p>Las siguientes empresas tendr\u00e1n acceso a la informaci\u00f3n personal necesaria para realizar sus funciones, pero no podr\u00e1n utilizarla para otros fines. Adem\u00e1s deber\u00e1n tratar la informaci\u00f3n personal de conformidad con el presente Aviso de Privacidad y la legislaci\u00f3n aplicable en materia de protecci\u00f3n de datos.<\/p>\n<ul>\n<li><strong>Hosting:<\/strong> AoW Productions S.L. con CIF: B-63201727, y direcci\u00f3n fiscal: C\/Puigsacalm 8, Esc. E, Baj. 2a, 08227, Terrassa, Barcelona (Espa\u00f1a). AOW.es trata los datos de usuarios y prescriptores web con la finalidad de realizar sus servicios de hosting y correo electr\u00f3nico. M\u00e1s informaci\u00f3n en <a href=\"https:\/\/aow.es\/?aviso=1\" target=\"_blank\" rel=\"noopener noreferrer\">aow.es<\/a><\/li>\n<li><strong>Plataforma web<\/strong>: Desarrollada en <a href=\"https:\/\/wordpress.org\/\">WordPress<\/a> por Estudio Digital MCClic S.L., con sede en Alag\u00f3n, Zaragoza. Estudio Digital MCClic trata los datos de la web para ofrecer soporte t\u00e9cnico sobre el c\u00f3digo creado por ellos. M\u00e1s informaci\u00f3n en <a href=\"http:\/\/www.mcclic.com\" target=\"_blank\" rel=\"noopener noreferrer\">www.mcclic.com<\/a><\/li>\n<li><strong>Servicios de Mensajer\u00eda y env\u00edo de boletines<\/strong>: MailPoet es de la empresa Wysija SARL, con domicilio en France. <a href=\"https:\/\/www.mailpoet.com\/terms-and-conditions\/\" target=\"_blank\" rel=\"noopener noreferrer\">M\u00e1s informaci\u00f3n.<\/a> Por tanto, el usuario es consciente y acepta que sus datos personales ser\u00e1n almacenados por Wysija SARL, para la suscripci\u00f3n y el env\u00edo de boletines electr\u00f3nicos.<\/li>\n<li><strong>Servicio de Chat:<\/strong> tawk.to de la empresa tawk.to inc ubicada en EEUU. Esta empresa cumple con las medidas de seguridad impuestas por la legislaci\u00f3n Europea. <a href=\"https:\/\/www.tawk.to\/data-protection\/gdpr\/\" target=\"_blank\" rel=\"noopener noreferrer\">Ver informacion<\/a>. Por tanto, el usuario es consciente y acepta que sus datos personales y conversaciones via chat ser\u00e1n almacenados por tawk.to.<\/li>\n<li><strong>Prestadores de servicios de pago: <\/strong>Seg\u00fan la forma de pago transferimos sus datos de pago, para realizar los pagos, a la entidad de cr\u00e9dito encargada del pago. Los propios prestadores de servicios de pago recopilan en parte estos datos si crea usted una cuenta con ellos. En este caso debe registrarse durante el proceso del pedido con sus datos de acceso en el prestador de servicios de pago. Tendr\u00e1 entonces validez la declaraci\u00f3n sobre protecci\u00f3n de datos del prestador de servicios de pagos correspondiente.<\/li>\n<\/ul>\n<\/div>\n<\/div>\n<p>[\/vc_column_text][vc_separator color=\u00bbcustom\u00bb accent_color=\u00bb#94acba\u00bb][vc_column_text]<\/p>\n<div class=\"wpb_text_column wpb_content_element \">\n<div class=\"wpb_wrapper\">\n<h2 style=\"text-align: center;\"><span style=\"color: #0077b9;\">Sistemas de captura de datos personales que recoge esta web<\/span><\/h2>\n<p>Esta web utiliza diferentes sistemas de captura de informaci\u00f3n personal, requiriendo siempre el consentimiento previo de los usuarios para tratar sus datos personales con los fines indicados.<\/p>\n<p>Como Usuario tienes derecho a revocar tu consentimiento previo en cualquier momento.<\/p>\n<h3><span style=\"color: #0077b9;\">Sistemas de captura de informaci\u00f3n personal que utiliza:<\/span><\/h3>\n<p><strong>Formularios de suscripci\u00f3n a contenidos:<\/strong> dentro de la web existen varios formularios para activar la suscripci\u00f3n. Si utilizas filtros de spam, por favor, a\u00f1ade mi servicio de correo electr\u00f3nico a la direcci\u00f3n de tu lista de remitentes permitidos. Busca en la bandeja de entrada de tu email. Recibir\u00e1s un mensaje enviado desde la direcci\u00f3n <a href=\"mailto:info@figueruelas.es\">info@figueruelas.es<\/a> con el asunto \u201cConfirma tu suscripci\u00f3n\u201d. Deber\u00e1s confirmar tu suscripci\u00f3n para que pueda validar tu direcci\u00f3n de correo electr\u00f3nico. Utilizaremos los datos facilitados para enviarte nuestra Newsletter y podr\u00e1s darte de baja en cualquier momento a trav\u00e9s de la misma. La Newsletter est\u00e1 gestionada mediante la herramienta de email marketing <a href=\"https:\/\/www.mailpoet.com\/terms-and-conditions\/\" target=\"_blank\" rel=\"noopener noreferrer\">MailPoet.<\/a><\/p>\n<p><strong>Formulario de contacto:<\/strong> tambi\u00e9n existe un formulario de contacto para consultas, sugerencias o contacto profesional. En este caso se utilizar\u00e1 la direcci\u00f3n de correo electr\u00f3nico para responder a las mismas y enviar la informaci\u00f3n que el usuario requiera a trav\u00e9s de la web.<\/p>\n<p><strong>Cookies:<\/strong> cuando el usuario se registra o navega en esta web, se almacenan \u201ccookies\u201d. El usuario puede consultar en cualquier momento la <a href=\"http:\/\/www.figueruelas.es\/index.php\/politica-de-privacidad-y-aviso-legal\/index.php\/politica-de-cookies\">pol\u00edtica de cookies<\/a> para ampliar informaci\u00f3n sobre el uso de cookies y c\u00f3mo desactivarlas.<\/p>\n<p><strong>Correo Electr\u00f3nico:<\/strong> Si el usuario se pone en contacto a trav\u00e9s del correo electr\u00f3nico publicado en esta p\u00e1gina web, sus datos ser\u00e1n tratados para contestar las consultas planteadas y poderle enviar la informaci\u00f3n solicitada a trav\u00e9s del correo electr\u00f3nico del cual se recibe la consulta.<\/p>\n<p>El Usuario garantiza que los datos personales facilitados a trav\u00e9s de los diferentes formularios son veraces, quedando obligado a comunicar cualquier modificaci\u00f3n de los mismos. Igualmente, el Usuario garantiza que toda la informaci\u00f3n facilitada corresponde con su situaci\u00f3n real, que est\u00e1 puesta al d\u00eda y es exacta. Adem\u00e1s, el Usuario se obliga a mantener en todo momento sus datos actualizados, siendo el \u00fanico responsable de la inexactitud o falsedad de los datos facilitados y de los perjuicios que pueda causar por ello a Ayuntamiento de Figueruelas como titular de la web <a href=\"http:\/\/www.figueruelas.es\">figueruelas.es<\/a> o a terceros con motivo de la utilizaci\u00f3n de dichos datos.<\/p>\n<\/div>\n<\/div>\n<p>[\/vc_column_text][vc_separator color=\u00bbcustom\u00bb accent_color=\u00bb#94acba\u00bb][vc_column_text]<\/p>\n<div class=\"wpb_text_column wpb_content_element \">\n<div class=\"wpb_wrapper\">\n<h2 style=\"text-align: center;\"><span style=\"color: #0077b9;\">Ejercicio de tus derechos<\/span><\/h2>\n<p>Cualquier usuario tiene derecho a:<\/p>\n<ul>\n<li>Solicitar el acceso a sus datos<\/li>\n<li>Solicitar la rectificaci\u00f3n de los datos inexactos<\/li>\n<li>Solicitar su supresi\u00f3n, cuando, entre otros motivos, los datos ya no sean necesarios para los fines que fueron recogidos<\/li>\n<li>Solicitar la limitaci\u00f3n de su tratamiento, en cuyo caso \u00fanicamente se conservar\u00e1n para el ejercicio o la defensa de reclamaciones<\/li>\n<li>Solicitar la portabilidad de los datos<\/li>\n<li>Podr\u00e1n oponerse al tratamiento de sus datos, Ayuntamiento de Figueruelas dejar\u00e1 de tratar los datos, salvo por motivos leg\u00edtimos imperiosos, o el ejercicio o la defensa de posibles reclamaciones<\/li>\n<\/ul>\n<p>Podr\u00e1 ejercitar sus derechos mediante solicitud escrita y firmada en la que se contengan los siguientes datos: nombre y apellidos, domicilio a efectos de notificaciones, junto con prueba v\u00e1lida en derecho, como fotocopia del D.N.I. o equivalente, y la petici\u00f3n en que se concrete la solicitud. El escrito deber\u00e1 remitirse a Ayuntamiento de Figueruelas, Avda. Zaragoza , 11. 50639 Figueruelas (Zaragoza).<\/p>\n<\/div>\n<\/div>\n<p>[\/vc_column_text][vc_separator color=\u00bbcustom\u00bb accent_color=\u00bb#94acba\u00bb][vc_column_text]<\/p>\n<div class=\"wpb_text_column wpb_content_element \">\n<div class=\"wpb_wrapper\">\n<h2 style=\"text-align: center;\"><span style=\"color: #0077b9;\">Legitimaci\u00f3n para el tratamiento de tus datos<\/span><\/h2>\n<p>La base legal para el tratamiento de sus datos es: el consentimiento y\u00a0 cumplir con la relaci\u00f3n contractual en el caso de compras y seguimiento de la smismas y el inter\u00e9s leg\u00edtimo en el caso de la remisi\u00f3n de env\u00edos comerciales.<\/p>\n<p>El Usuario declara haber sido informado de las condiciones sobre Protecci\u00f3n de Datos de Car\u00e1cter Personal, al aceptar nuestra pol\u00edtica de privacidad o al enviarnos un correo electr\u00f3nico a trav\u00e9s del correo publicado en la web.<\/p>\n<\/div>\n<\/div>\n<p>[\/vc_column_text][vc_separator color=\u00bbcustom\u00bb accent_color=\u00bb#94acba\u00bb][vc_column_text]<\/p>\n<div class=\"wpb_text_column wpb_content_element \">\n<div class=\"wpb_wrapper\">\n<h2 style=\"text-align: center;\"><span style=\"color: #0077b9;\">Tiempo de conservaci\u00f3n de los datos<\/span><\/h2>\n<p>Los datos personales proporcionados por el usuario ser\u00e1n conservados hasta que no se solicite su supresi\u00f3n por el interesado.<\/p>\n<\/div>\n<\/div>\n<p>[\/vc_column_text][vc_separator color=\u00bbcustom\u00bb accent_color=\u00bb#94acba\u00bb][vc_column_text]<\/p>\n<div class=\"wpb_text_column wpb_content_element \">\n<div class=\"wpb_wrapper\">\n<h2 style=\"text-align: center;\"><span style=\"color: #0077b9;\">Seguridad de los datos<\/span><\/h2>\n<p>Ayuntamiento de Figueruelas se compromete en el uso y tratamiento de los datos de los usuarios, respetando su confidencialidad y utilizandolos de acuerdo con la finalidad del mismo. A estos efectos hemos adoptado las medidas necesarias para evitar la alteraci\u00f3n, p\u00e9rdida, tratamiento o acceso no autorizado de los datos personales que nos haya facilitado a trav\u00e9s de cualquier v\u00eda.<\/p>\n<ul>\n<li>Wordfence. Proteje al WordPress para evitar ataques de fuerza bruta e inyecci\u00f3n de c\u00f3digo malicioso.<\/li>\n<li>Seguridad alta en contrase\u00f1as. Las contrase\u00f1as tienen una longitud m\u00ednima de 12 caracteres e incluyen caracteres en may\u00fasculas y min\u00fasculas, d\u00edgitos y s\u00edmbolos especiales.<\/li>\n<\/ul>\n<p>Ayuntamiento de Figueruelas no puede garantizar la absoluta inexpugnabilidad de Internet y por tanto la violaci\u00f3n de los datos mediante accesos fraudulentos a ellos por parte de terceros.<\/p>\n<p>Cuando se presente alguna violaci\u00f3n de la seguridad, se notificara al Cliente sin demoras indebidas, proporcionando la informaci\u00f3n oportuna relacionada con el Incidente de Seguridad.<\/p>\n<\/div>\n<\/div>\n<p>[\/vc_column_text][vc_separator color=\u00bbcustom\u00bb accent_color=\u00bb#94acba\u00bb][vc_column_text]<\/p>\n<div class=\"wpb_text_column wpb_content_element \">\n<div class=\"wpb_wrapper\">\n<h2 style=\"text-align: center;\"><span style=\"color: #0077b9;\">Cambios en la presente pol\u00edtica de privacidad<\/span><\/h2>\n<p>Ayuntamiento de Figueruelas se reserva el derecho a modificar la presente pol\u00edtica para adaptarla a novedades legislativas o jurisprudenciales as\u00ed como a pr\u00e1cticas de la industria. En dichos supuestos se anunciar\u00e1 en esta p\u00e1gina los cambios introducidos con razonable antelaci\u00f3n a su puesta en pr\u00e1ctica.<\/p>\n<\/div>\n<\/div>\n<p>[\/vc_column_text][vc_separator color=\u00bbcustom\u00bb accent_color=\u00bb#94acba\u00bb][vc_column_text]<\/p>\n<div class=\"wpb_text_column wpb_content_element \">\n<div class=\"wpb_wrapper\">\n<h2 style=\"text-align: center;\"><span style=\"color: #0077b9;\">Correos comerciales<\/span><\/h2>\n<p>De acuerdo con la LSSICE, Ayuntamiento de Figueruelas no realiza pr\u00e1cticas de SPAM, por lo que no env\u00eda correos comerciales por v\u00eda electr\u00f3nica que no hayan sido previamente solicitados o autorizados por el Usuario. En consecuencia, en cada uno de los formularios habidos en la P\u00e1gina Web, el Usuario tiene la posibilidad de dar su consentimiento expreso para recibir la \u201cNewsletter\u201d, con independencia de la informaci\u00f3n comercial puntualmente solicitada.<\/p>\n<p>De parte del equipo que formamos Ayuntamiento de Figueruelas te agradecemos el tiempo dedicado en leer esta pol\u00edtica de privacidad.<\/p>\n<\/div>\n<\/div>\n<p>[\/vc_column_text][\/vc_column][\/vc_row]<\/p>\n<\/div>","protected":false},"excerpt":{"rendered":"<p>[vc_row][vc_column][vc_column_text] Esta pol\u00edtica de privacidad establece la forma en que se van a gestionar los datos personales en esta web en cumplimiento de lo establecido en el Reglamento General de Protecci\u00f3n de datos (RGPD 2016\/679). Es imprescindible que la leas y aceptes antes de seguir navegando. figueruelas.es es un proyecto del Ayuntamiento de Figueruelas. Esta&hellip;<\/p>\n","protected":false},"author":1,"featured_media":0,"parent":0,"menu_order":7,"comment_status":"closed","ping_status":"closed","template":"","meta":{"footnotes":""},"class_list":["post-1477","page","type-page","status-publish","hentry","description-off"],"aioseo_notices":[],"publishpress_future_action":{"enabled":false,"date":"2026-05-15 04:11:56","action":"change-status","newStatus":"draft","terms":[],"taxonomy":"","extraData":[]},"publishpress_future_workflow_manual_trigger":{"enabledWorkflows":[]},"_links":{"self":[{"href":"https:\/\/www.figueruelas.es\/index.php\/wp-json\/wp\/v2\/pages\/1477","targetHints":{"allow":["GET"]}}],"collection":[{"href":"https:\/\/www.figueruelas.es\/index.php\/wp-json\/wp\/v2\/pages"}],"about":[{"href":"https:\/\/www.figueruelas.es\/index.php\/wp-json\/wp\/v2\/types\/page"}],"author":[{"embeddable":true,"href":"https:\/\/www.figueruelas.es\/index.php\/wp-json\/wp\/v2\/users\/1"}],"replies":[{"embeddable":true,"href":"https:\/\/www.figueruelas.es\/index.php\/wp-json\/wp\/v2\/comments?post=1477"}],"version-history":[{"count":10,"href":"https:\/\/www.figueruelas.es\/index.php\/wp-json\/wp\/v2\/pages\/1477\/revisions"}],"predecessor-version":[{"id":3048,"href":"https:\/\/www.figueruelas.es\/index.php\/wp-json\/wp\/v2\/pages\/1477\/revisions\/3048"}],"wp:attachment":[{"href":"https:\/\/www.figueruelas.es\/index.php\/wp-json\/wp\/v2\/media?parent=1477"}],"curies":[{"name":"wp","href":"https:\/\/api.w.org\/{rel}","templated":true}]}}