{"id":1684,"date":"2017-05-03T09:01:05","date_gmt":"2017-05-03T09:01:05","guid":{"rendered":"http:\/\/www.figueruelas.es\/?page_id=1684"},"modified":"2020-05-13T17:07:51","modified_gmt":"2020-05-13T16:07:51","slug":"karate","status":"publish","type":"page","link":"https:\/\/www.figueruelas.es\/index.php\/areas\/deportes\/actividades-deportivas\/karate\/","title":{"rendered":"Karate"},"content":{"rendered":"<div class=\"wpb-content-wrapper\"><p>[vc_row][vc_column][vc_column_text]<strong><img loading=\"lazy\" decoding=\"async\" class=\"alignright wp-image-1811\" src=\"http:\/\/www.figueruelas.es\/wp-content\/uploads\/2017\/05\/baloncesto-0485-300x200.jpg\" alt=\"Pabell\u00f3n de deportes\" width=\"400\" height=\"267\" srcset=\"https:\/\/www.figueruelas.es\/wp-content\/uploads\/2017\/05\/baloncesto-0485-300x200.jpg 300w, https:\/\/www.figueruelas.es\/wp-content\/uploads\/2017\/05\/baloncesto-0485.jpg 600w\" sizes=\"auto, (max-width: 400px) 100vw, 400px\" \/>K\u00e1rate mayores:<\/strong><\/p>\n<p><strong>K\u00e1rate infantil:<\/strong><\/p>\n<p><strong>K\u00e1rate iniciaci\u00f3n: a partir de 2010<\/strong>[\/vc_column_text][\/vc_column][\/vc_row]<\/p>\n<\/div>","protected":false},"excerpt":{"rendered":"<p>[vc_row][vc_column][vc_column_text]K\u00e1rate mayores: K\u00e1rate infantil: K\u00e1rate iniciaci\u00f3n: a partir de 2010[\/vc_column_text][\/vc_column][\/vc_row]<\/p>\n","protected":false},"author":1,"featured_media":0,"parent":970,"menu_order":7,"comment_status":"closed","ping_status":"closed","template":"","meta":{"footnotes":""},"class_list":["post-1684","page","type-page","status-publish","hentry","description-off"],"aioseo_notices":[],"publishpress_future_action":{"enabled":false,"date":"2026-05-09 02:03:47","action":"change-status","newStatus":"draft","terms":[],"taxonomy":"","extraData":[]},"publishpress_future_workflow_manual_trigger":{"enabledWorkflows":[]},"_links":{"self":[{"href":"https:\/\/www.figueruelas.es\/index.php\/wp-json\/wp\/v2\/pages\/1684","targetHints":{"allow":["GET"]}}],"collection":[{"href":"https:\/\/www.figueruelas.es\/index.php\/wp-json\/wp\/v2\/pages"}],"about":[{"href":"https:\/\/www.figueruelas.es\/index.php\/wp-json\/wp\/v2\/types\/page"}],"author":[{"embeddable":true,"href":"https:\/\/www.figueruelas.es\/index.php\/wp-json\/wp\/v2\/users\/1"}],"replies":[{"embeddable":true,"href":"https:\/\/www.figueruelas.es\/index.php\/wp-json\/wp\/v2\/comments?post=1684"}],"version-history":[{"count":3,"href":"https:\/\/www.figueruelas.es\/index.php\/wp-json\/wp\/v2\/pages\/1684\/revisions"}],"predecessor-version":[{"id":2458,"href":"https:\/\/www.figueruelas.es\/index.php\/wp-json\/wp\/v2\/pages\/1684\/revisions\/2458"}],"up":[{"embeddable":true,"href":"https:\/\/www.figueruelas.es\/index.php\/wp-json\/wp\/v2\/pages\/970"}],"wp:attachment":[{"href":"https:\/\/www.figueruelas.es\/index.php\/wp-json\/wp\/v2\/media?parent=1684"}],"curies":[{"name":"wp","href":"https:\/\/api.w.org\/{rel}","templated":true}]}}