{"id":3331,"date":"2022-10-13T13:30:51","date_gmt":"2022-10-13T12:30:51","guid":{"rendered":"https:\/\/www.figueruelas.es\/?page_id=3331"},"modified":"2022-10-13T13:53:34","modified_gmt":"2022-10-13T12:53:34","slug":"periodo-de-adaptacion","status":"publish","type":"page","link":"https:\/\/www.figueruelas.es\/index.php\/areas\/cultura-2\/escuela-infantil\/periodo-de-adaptacion\/","title":{"rendered":"Periodo de adaptaci\u00f3n"},"content":{"rendered":"<div class=\"wpb-content-wrapper\"><p>[vc_row][vc_column][vc_column_text css=\u00bb.vc_custom_1665664240750{margin-bottom: 15px !important;}\u00bb]Todos los ni\u00f1os deben pasar por un periodo de adaptaci\u00f3n en el centro.<\/p>\n<p>Dicha adaptaci\u00f3n comenzar\u00e1 el primer d\u00eda que acuda el ni\u00f1o a la escuela con una duraci\u00f3n m\u00ednima de una semana.<\/p>\n<p>El periodo de adaptaci\u00f3n se realiza para comprobar el estado del ni\u00f1o en la escuela durante el tiempo de separaci\u00f3n con su persona de apego. Por ello, el horario durante varias semanas ser\u00e1 reducido.<\/p>\n<p>Antes de comenzar el curso, se os entregar\u00e1n varios documentos explicando el proceso que vamos a llevar a cabo en el mes de septiembre junto con el horario.[\/vc_column_text][\/vc_column][\/vc_row]<\/p>\n<\/div>","protected":false},"excerpt":{"rendered":"<p>[vc_row][vc_column][vc_column_text css=\u00bb.vc_custom_1665664240750{margin-bottom: 15px !important;}\u00bb]Todos los ni\u00f1os deben pasar por un periodo de adaptaci\u00f3n en el centro. Dicha adaptaci\u00f3n comenzar\u00e1 el primer d\u00eda que acuda el ni\u00f1o a la escuela con una duraci\u00f3n m\u00ednima de una semana. El periodo de adaptaci\u00f3n se realiza para comprobar el estado del ni\u00f1o en la escuela durante el tiempo de&hellip;<\/p>\n","protected":false},"author":1,"featured_media":0,"parent":3305,"menu_order":6,"comment_status":"closed","ping_status":"closed","template":"","meta":{"footnotes":""},"class_list":["post-3331","page","type-page","status-publish","hentry","description-off"],"aioseo_notices":[],"publishpress_future_action":{"enabled":false,"date":"2026-05-09 07:09:31","action":"change-status","newStatus":"draft","terms":[],"taxonomy":"","extraData":[]},"publishpress_future_workflow_manual_trigger":{"enabledWorkflows":[]},"_links":{"self":[{"href":"https:\/\/www.figueruelas.es\/index.php\/wp-json\/wp\/v2\/pages\/3331","targetHints":{"allow":["GET"]}}],"collection":[{"href":"https:\/\/www.figueruelas.es\/index.php\/wp-json\/wp\/v2\/pages"}],"about":[{"href":"https:\/\/www.figueruelas.es\/index.php\/wp-json\/wp\/v2\/types\/page"}],"author":[{"embeddable":true,"href":"https:\/\/www.figueruelas.es\/index.php\/wp-json\/wp\/v2\/users\/1"}],"replies":[{"embeddable":true,"href":"https:\/\/www.figueruelas.es\/index.php\/wp-json\/wp\/v2\/comments?post=3331"}],"version-history":[{"count":3,"href":"https:\/\/www.figueruelas.es\/index.php\/wp-json\/wp\/v2\/pages\/3331\/revisions"}],"predecessor-version":[{"id":3358,"href":"https:\/\/www.figueruelas.es\/index.php\/wp-json\/wp\/v2\/pages\/3331\/revisions\/3358"}],"up":[{"embeddable":true,"href":"https:\/\/www.figueruelas.es\/index.php\/wp-json\/wp\/v2\/pages\/3305"}],"wp:attachment":[{"href":"https:\/\/www.figueruelas.es\/index.php\/wp-json\/wp\/v2\/media?parent=3331"}],"curies":[{"name":"wp","href":"https:\/\/api.w.org\/{rel}","templated":true}]}}