{"id":3333,"date":"2022-10-13T12:42:27","date_gmt":"2022-10-13T11:42:27","guid":{"rendered":"https:\/\/www.figueruelas.es\/?page_id=3333"},"modified":"2023-12-22T10:19:44","modified_gmt":"2023-12-22T09:19:44","slug":"servicio-de-comedor","status":"publish","type":"page","link":"https:\/\/www.figueruelas.es\/index.php\/areas\/cultura-2\/escuela-infantil\/servicio-de-comedor\/","title":{"rendered":"Servicio de comedor"},"content":{"rendered":"<div class=\"wpb-content-wrapper\"><p>[vc_row][vc_column][vc_custom_heading text=\u00bbCALENDARIO SERVICIO DE COMEDOR\u00bb font_container=\u00bbtag:h2|text_align:left|color:%230077b9&#8243; use_theme_fonts=\u00bbyes\u00bb][vc_column_text css=\u00bb.vc_custom_1703236621153{margin-bottom: 15px !important;}\u00bb]El servicio de comedor comenzar\u00e1 el 4 de septiembre de 2023.<\/p>\n<p>Solo podr\u00e1n apuntarse los ni\u00f1os y ni\u00f1as que hayan finalizado el periodo de adaptaci\u00f3n.<br \/>\nLa tasa es de 90\u20ac independiente a la tasa de escolarizaci\u00f3n.<\/p>\n<p>Ofrecemos l\u00ednea fr\u00eda, es decir, nos traen la comida una vez a la semana y terminamos de hacerla en el horno el mismo d\u00eda que se sirve. Es un men\u00fa muy variado.<\/p>\n<p>Los d\u00edas que no hay servicio de comedor son los d\u00edas festivos y no lectivos del calendario adem\u00e1s de:[\/vc_column_text]<style type=\"text\/css\" data-type=\"the7_shortcodes-inline-css\">.icon-with-text-shortcode.icon-text-id-aa3ad0fdfe9e1c6ff340d4c61a16d38e .text-icon {\n  width: 24px;\n  height: 24px;\n  line-height: 24px;\n  font-size: 20px;\n  border-radius: 200px;\n  margin: 0px 10px 0px 0px;\n}\n.icon-with-text-shortcode.icon-text-id-aa3ad0fdfe9e1c6ff340d4c61a16d38e .text-icon .icon-inner {\n  min-width: 24px;\n  min-height: 24px;\n  border-radius: 200px;\n}\n@media all and (-ms-high-contrast: none) {\n  .icon-with-text-shortcode.icon-text-id-aa3ad0fdfe9e1c6ff340d4c61a16d38e .text-icon .icon-inner {\n    height: 24px;\n  }\n}\n.icon-with-text-shortcode.icon-text-id-aa3ad0fdfe9e1c6ff340d4c61a16d38e .text-icon .dt-hover-icon {\n  line-height: 24px;\n}\n.icon-with-text-shortcode.icon-text-id-aa3ad0fdfe9e1c6ff340d4c61a16d38e .text-icon:before,\n.icon-with-text-shortcode.icon-text-id-aa3ad0fdfe9e1c6ff340d4c61a16d38e .text-icon:after,\n.icon-with-text-shortcode.icon-text-id-aa3ad0fdfe9e1c6ff340d4c61a16d38e .text-icon .icon-inner:before,\n.icon-with-text-shortcode.icon-text-id-aa3ad0fdfe9e1c6ff340d4c61a16d38e .text-icon .icon-inner:after {\n  min-width: 100%;\n  min-height: 100%;\n  padding: inherit;\n  border-radius: inherit;\n}\n.icon-with-text-shortcode.icon-text-id-aa3ad0fdfe9e1c6ff340d4c61a16d38e .text-icon.dt-icon-border-on:before {\n  border-width: 2px;\n  border-style: solid;\n}\n.dt-icon-border-dashed.icon-with-text-shortcode.icon-text-id-aa3ad0fdfe9e1c6ff340d4c61a16d38e .text-icon.dt-icon-border-on:before {\n  border-style: dashed;\n}\n.dt-icon-border-dotted.icon-with-text-shortcode.icon-text-id-aa3ad0fdfe9e1c6ff340d4c61a16d38e .text-icon.dt-icon-border-on:before {\n  border-style: dotted;\n}\n.dt-icon-border-double.icon-with-text-shortcode.icon-text-id-aa3ad0fdfe9e1c6ff340d4c61a16d38e .text-icon.dt-icon-border-on:before {\n  border-style: double;\n}\n.icon-with-text-shortcode.icon-text-id-aa3ad0fdfe9e1c6ff340d4c61a16d38e .text-icon.dt-icon-border-dashed.dt-icon-border-on:before {\n  border-style: dashed;\n}\n.icon-with-text-shortcode.icon-text-id-aa3ad0fdfe9e1c6ff340d4c61a16d38e .text-icon.dt-icon-border-dotted.dt-icon-border-on:before {\n  border-style: dotted;\n}\n.icon-with-text-shortcode.icon-text-id-aa3ad0fdfe9e1c6ff340d4c61a16d38e .text-icon.dt-icon-border-double.dt-icon-border-on:before {\n  border-style: double;\n}\n.icon-with-text-shortcode.icon-text-id-aa3ad0fdfe9e1c6ff340d4c61a16d38e .text-icon.dt-icon-hover-border-on:after {\n  border-width: 2px;\n  border-style: solid;\n}\n.icon-with-text-shortcode.icon-text-id-aa3ad0fdfe9e1c6ff340d4c61a16d38e .text-icon.dt-icon-border-dashed.dt-icon-hover-border-on:after {\n  border-style: dashed;\n}\n.icon-with-text-shortcode.icon-text-id-aa3ad0fdfe9e1c6ff340d4c61a16d38e .text-icon.dt-icon-border-dotted.dt-icon-hover-border-on:after {\n  border-style: dotted;\n}\n.icon-with-text-shortcode.icon-text-id-aa3ad0fdfe9e1c6ff340d4c61a16d38e .text-icon.dt-icon-border-double.dt-icon-hover-border-on:after {\n  border-style: double;\n}\n.icon-with-text-shortcode.icon-text-id-aa3ad0fdfe9e1c6ff340d4c61a16d38e .text-icon.dt-icon-hover-on:hover {\n  font-size: 20px;\n}\n#page .icon-with-text-shortcode.icon-text-id-aa3ad0fdfe9e1c6ff340d4c61a16d38e .text-icon.dt-icon-hover-on:hover .soc-font-icon,\n#phantom .icon-with-text-shortcode.icon-text-id-aa3ad0fdfe9e1c6ff340d4c61a16d38e .text-icon.dt-icon-hover-on:hover .soc-font-icon,\n#page .icon-with-text-shortcode.icon-text-id-aa3ad0fdfe9e1c6ff340d4c61a16d38e .text-icon.dt-icon-hover-on:hover .soc-icon,\n#phantom .icon-with-text-shortcode.icon-text-id-aa3ad0fdfe9e1c6ff340d4c61a16d38e .text-icon.dt-icon-hover-on:hover .soc-icon {\n  color: #fff;\n  background: none;\n}\n#page .icon-with-text-shortcode.icon-text-id-aa3ad0fdfe9e1c6ff340d4c61a16d38e .text-icon.dt-icon-hover-on:not(:hover) .soc-font-icon,\n#phantom .icon-with-text-shortcode.icon-text-id-aa3ad0fdfe9e1c6ff340d4c61a16d38e .text-icon.dt-icon-hover-on:not(:hover) .soc-font-icon,\n#page .icon-with-text-shortcode.icon-text-id-aa3ad0fdfe9e1c6ff340d4c61a16d38e .text-icon.dt-icon-hover-on:not(:hover) .soc-icon,\n#phantom .icon-with-text-shortcode.icon-text-id-aa3ad0fdfe9e1c6ff340d4c61a16d38e .text-icon.dt-icon-hover-on:not(:hover) .soc-icon,\n#page .icon-with-text-shortcode.icon-text-id-aa3ad0fdfe9e1c6ff340d4c61a16d38e .text-icon.dt-icon-hover-off .soc-font-icon,\n#phantom .icon-with-text-shortcode.icon-text-id-aa3ad0fdfe9e1c6ff340d4c61a16d38e .text-icon.dt-icon-hover-off .soc-font-icon,\n#page .icon-with-text-shortcode.icon-text-id-aa3ad0fdfe9e1c6ff340d4c61a16d38e .text-icon.dt-icon-hover-off .soc-icon,\n#phantom .icon-with-text-shortcode.icon-text-id-aa3ad0fdfe9e1c6ff340d4c61a16d38e .text-icon.dt-icon-hover-off .soc-icon {\n  color: #0077b9;\n  background: none;\n}\n.icon-with-text-shortcode.icon-text-id-aa3ad0fdfe9e1c6ff340d4c61a16d38e.layout-1 {\n  grid-template-columns: 24px minmax(0,1fr);\n  grid-column-gap: 10px;\n}\n.icon-with-text-shortcode.icon-text-id-aa3ad0fdfe9e1c6ff340d4c61a16d38e.layout-2 {\n  grid-template-columns: minmax(0,1fr) 24px;\n  grid-column-gap: 0px;\n}\n.icon-with-text-shortcode.icon-text-id-aa3ad0fdfe9e1c6ff340d4c61a16d38e.layout-2 .text-icon {\n  margin-left: 0;\n}\n.icon-with-text-shortcode.icon-text-id-aa3ad0fdfe9e1c6ff340d4c61a16d38e.layout-3 {\n  grid-template-columns: 24px minmax(0,1fr);\n}\n.icon-with-text-shortcode.icon-text-id-aa3ad0fdfe9e1c6ff340d4c61a16d38e.layout-3 .dt-text-title {\n  margin-left: 10px;\n}\n.icon-with-text-shortcode.icon-text-id-aa3ad0fdfe9e1c6ff340d4c61a16d38e .dt-text-title {\n  margin-bottom: 0px;\n}\n.icon-with-text-shortcode.icon-text-id-aa3ad0fdfe9e1c6ff340d4c61a16d38e .dt-text-desc {\n  margin-bottom: 0px;\n}<\/style><div class=\"icon-with-text-shortcode  icon-text-id-aa3ad0fdfe9e1c6ff340d4c61a16d38e layout-3  vc_custom_1703236647163 \" ><span   class=\"text-icon dt-icon-bg-off dt-icon-hover-off\" ><span class=\"icon-inner\"><i class=\"dt-regular-icon soc-icon Defaults-calendar\"><\/i><i class=\"dt-hover-icon soc-icon Defaults-calendar\"><\/i><\/span><\/span><p class=\"dt-text-title\"  >27 Junio de 2024, fiesta despedida de los mayores<\/p><\/div><style type=\"text\/css\" data-type=\"the7_shortcodes-inline-css\">.icon-with-text-shortcode.icon-text-id-3a957855d12496405eb7c64752647a53 .text-icon {\n  width: 24px;\n  height: 24px;\n  line-height: 24px;\n  font-size: 20px;\n  border-radius: 200px;\n  margin: 0px 10px 0px 0px;\n}\n.icon-with-text-shortcode.icon-text-id-3a957855d12496405eb7c64752647a53 .text-icon .icon-inner {\n  min-width: 24px;\n  min-height: 24px;\n  border-radius: 200px;\n}\n@media all and (-ms-high-contrast: none) {\n  .icon-with-text-shortcode.icon-text-id-3a957855d12496405eb7c64752647a53 .text-icon .icon-inner {\n    height: 24px;\n  }\n}\n.icon-with-text-shortcode.icon-text-id-3a957855d12496405eb7c64752647a53 .text-icon .dt-hover-icon {\n  line-height: 24px;\n}\n.icon-with-text-shortcode.icon-text-id-3a957855d12496405eb7c64752647a53 .text-icon:before,\n.icon-with-text-shortcode.icon-text-id-3a957855d12496405eb7c64752647a53 .text-icon:after,\n.icon-with-text-shortcode.icon-text-id-3a957855d12496405eb7c64752647a53 .text-icon .icon-inner:before,\n.icon-with-text-shortcode.icon-text-id-3a957855d12496405eb7c64752647a53 .text-icon .icon-inner:after {\n  min-width: 100%;\n  min-height: 100%;\n  padding: inherit;\n  border-radius: inherit;\n}\n.icon-with-text-shortcode.icon-text-id-3a957855d12496405eb7c64752647a53 .text-icon.dt-icon-border-on:before {\n  border-width: 2px;\n  border-style: solid;\n}\n.dt-icon-border-dashed.icon-with-text-shortcode.icon-text-id-3a957855d12496405eb7c64752647a53 .text-icon.dt-icon-border-on:before {\n  border-style: dashed;\n}\n.dt-icon-border-dotted.icon-with-text-shortcode.icon-text-id-3a957855d12496405eb7c64752647a53 .text-icon.dt-icon-border-on:before {\n  border-style: dotted;\n}\n.dt-icon-border-double.icon-with-text-shortcode.icon-text-id-3a957855d12496405eb7c64752647a53 .text-icon.dt-icon-border-on:before {\n  border-style: double;\n}\n.icon-with-text-shortcode.icon-text-id-3a957855d12496405eb7c64752647a53 .text-icon.dt-icon-border-dashed.dt-icon-border-on:before {\n  border-style: dashed;\n}\n.icon-with-text-shortcode.icon-text-id-3a957855d12496405eb7c64752647a53 .text-icon.dt-icon-border-dotted.dt-icon-border-on:before {\n  border-style: dotted;\n}\n.icon-with-text-shortcode.icon-text-id-3a957855d12496405eb7c64752647a53 .text-icon.dt-icon-border-double.dt-icon-border-on:before {\n  border-style: double;\n}\n.icon-with-text-shortcode.icon-text-id-3a957855d12496405eb7c64752647a53 .text-icon.dt-icon-hover-border-on:after {\n  border-width: 2px;\n  border-style: solid;\n}\n.icon-with-text-shortcode.icon-text-id-3a957855d12496405eb7c64752647a53 .text-icon.dt-icon-border-dashed.dt-icon-hover-border-on:after {\n  border-style: dashed;\n}\n.icon-with-text-shortcode.icon-text-id-3a957855d12496405eb7c64752647a53 .text-icon.dt-icon-border-dotted.dt-icon-hover-border-on:after {\n  border-style: dotted;\n}\n.icon-with-text-shortcode.icon-text-id-3a957855d12496405eb7c64752647a53 .text-icon.dt-icon-border-double.dt-icon-hover-border-on:after {\n  border-style: double;\n}\n.icon-with-text-shortcode.icon-text-id-3a957855d12496405eb7c64752647a53 .text-icon.dt-icon-hover-on:hover {\n  font-size: 20px;\n}\n#page .icon-with-text-shortcode.icon-text-id-3a957855d12496405eb7c64752647a53 .text-icon.dt-icon-hover-on:hover .soc-font-icon,\n#phantom .icon-with-text-shortcode.icon-text-id-3a957855d12496405eb7c64752647a53 .text-icon.dt-icon-hover-on:hover .soc-font-icon,\n#page .icon-with-text-shortcode.icon-text-id-3a957855d12496405eb7c64752647a53 .text-icon.dt-icon-hover-on:hover .soc-icon,\n#phantom .icon-with-text-shortcode.icon-text-id-3a957855d12496405eb7c64752647a53 .text-icon.dt-icon-hover-on:hover .soc-icon {\n  color: #fff;\n  background: none;\n}\n#page .icon-with-text-shortcode.icon-text-id-3a957855d12496405eb7c64752647a53 .text-icon.dt-icon-hover-on:not(:hover) .soc-font-icon,\n#phantom .icon-with-text-shortcode.icon-text-id-3a957855d12496405eb7c64752647a53 .text-icon.dt-icon-hover-on:not(:hover) .soc-font-icon,\n#page .icon-with-text-shortcode.icon-text-id-3a957855d12496405eb7c64752647a53 .text-icon.dt-icon-hover-on:not(:hover) .soc-icon,\n#phantom .icon-with-text-shortcode.icon-text-id-3a957855d12496405eb7c64752647a53 .text-icon.dt-icon-hover-on:not(:hover) .soc-icon,\n#page .icon-with-text-shortcode.icon-text-id-3a957855d12496405eb7c64752647a53 .text-icon.dt-icon-hover-off .soc-font-icon,\n#phantom .icon-with-text-shortcode.icon-text-id-3a957855d12496405eb7c64752647a53 .text-icon.dt-icon-hover-off .soc-font-icon,\n#page .icon-with-text-shortcode.icon-text-id-3a957855d12496405eb7c64752647a53 .text-icon.dt-icon-hover-off .soc-icon,\n#phantom .icon-with-text-shortcode.icon-text-id-3a957855d12496405eb7c64752647a53 .text-icon.dt-icon-hover-off .soc-icon {\n  color: #0077b9;\n  background: none;\n}\n.icon-with-text-shortcode.icon-text-id-3a957855d12496405eb7c64752647a53.layout-1 {\n  grid-template-columns: 24px minmax(0,1fr);\n  grid-column-gap: 10px;\n}\n.icon-with-text-shortcode.icon-text-id-3a957855d12496405eb7c64752647a53.layout-2 {\n  grid-template-columns: minmax(0,1fr) 24px;\n  grid-column-gap: 0px;\n}\n.icon-with-text-shortcode.icon-text-id-3a957855d12496405eb7c64752647a53.layout-2 .text-icon {\n  margin-left: 0;\n}\n.icon-with-text-shortcode.icon-text-id-3a957855d12496405eb7c64752647a53.layout-3 {\n  grid-template-columns: 24px minmax(0,1fr);\n}\n.icon-with-text-shortcode.icon-text-id-3a957855d12496405eb7c64752647a53.layout-3 .dt-text-title {\n  margin-left: 10px;\n}\n.icon-with-text-shortcode.icon-text-id-3a957855d12496405eb7c64752647a53 .dt-text-title {\n  margin-bottom: 0px;\n}\n.icon-with-text-shortcode.icon-text-id-3a957855d12496405eb7c64752647a53 .dt-text-desc {\n  margin-bottom: 0px;\n}<\/style><div class=\"icon-with-text-shortcode  icon-text-id-3a957855d12496405eb7c64752647a53 layout-3  vc_custom_1703236661595 \" ><span   class=\"text-icon dt-icon-bg-off dt-icon-hover-off\" ><span class=\"icon-inner\"><i class=\"dt-regular-icon soc-icon Defaults-calendar\"><\/i><i class=\"dt-hover-icon soc-icon Defaults-calendar\"><\/i><\/span><\/span><p class=\"dt-text-title\"  >28 de Junio de 2024, graduaci\u00f3n de los mayores<\/p><\/div><style type=\"text\/css\" data-type=\"the7_shortcodes-inline-css\">.icon-with-text-shortcode.icon-text-id-25f62730daf1970dad700a1b6f52cc59 .text-icon {\n  width: 24px;\n  height: 24px;\n  line-height: 24px;\n  font-size: 20px;\n  border-radius: 200px;\n  margin: 0px 10px 0px 0px;\n}\n.icon-with-text-shortcode.icon-text-id-25f62730daf1970dad700a1b6f52cc59 .text-icon .icon-inner {\n  min-width: 24px;\n  min-height: 24px;\n  border-radius: 200px;\n}\n@media all and (-ms-high-contrast: none) {\n  .icon-with-text-shortcode.icon-text-id-25f62730daf1970dad700a1b6f52cc59 .text-icon .icon-inner {\n    height: 24px;\n  }\n}\n.icon-with-text-shortcode.icon-text-id-25f62730daf1970dad700a1b6f52cc59 .text-icon .dt-hover-icon {\n  line-height: 24px;\n}\n.icon-with-text-shortcode.icon-text-id-25f62730daf1970dad700a1b6f52cc59 .text-icon:before,\n.icon-with-text-shortcode.icon-text-id-25f62730daf1970dad700a1b6f52cc59 .text-icon:after,\n.icon-with-text-shortcode.icon-text-id-25f62730daf1970dad700a1b6f52cc59 .text-icon .icon-inner:before,\n.icon-with-text-shortcode.icon-text-id-25f62730daf1970dad700a1b6f52cc59 .text-icon .icon-inner:after {\n  min-width: 100%;\n  min-height: 100%;\n  padding: inherit;\n  border-radius: inherit;\n}\n.icon-with-text-shortcode.icon-text-id-25f62730daf1970dad700a1b6f52cc59 .text-icon.dt-icon-border-on:before {\n  border-width: 2px;\n  border-style: solid;\n}\n.dt-icon-border-dashed.icon-with-text-shortcode.icon-text-id-25f62730daf1970dad700a1b6f52cc59 .text-icon.dt-icon-border-on:before {\n  border-style: dashed;\n}\n.dt-icon-border-dotted.icon-with-text-shortcode.icon-text-id-25f62730daf1970dad700a1b6f52cc59 .text-icon.dt-icon-border-on:before {\n  border-style: dotted;\n}\n.dt-icon-border-double.icon-with-text-shortcode.icon-text-id-25f62730daf1970dad700a1b6f52cc59 .text-icon.dt-icon-border-on:before {\n  border-style: double;\n}\n.icon-with-text-shortcode.icon-text-id-25f62730daf1970dad700a1b6f52cc59 .text-icon.dt-icon-border-dashed.dt-icon-border-on:before {\n  border-style: dashed;\n}\n.icon-with-text-shortcode.icon-text-id-25f62730daf1970dad700a1b6f52cc59 .text-icon.dt-icon-border-dotted.dt-icon-border-on:before {\n  border-style: dotted;\n}\n.icon-with-text-shortcode.icon-text-id-25f62730daf1970dad700a1b6f52cc59 .text-icon.dt-icon-border-double.dt-icon-border-on:before {\n  border-style: double;\n}\n.icon-with-text-shortcode.icon-text-id-25f62730daf1970dad700a1b6f52cc59 .text-icon.dt-icon-hover-border-on:after {\n  border-width: 2px;\n  border-style: solid;\n}\n.icon-with-text-shortcode.icon-text-id-25f62730daf1970dad700a1b6f52cc59 .text-icon.dt-icon-border-dashed.dt-icon-hover-border-on:after {\n  border-style: dashed;\n}\n.icon-with-text-shortcode.icon-text-id-25f62730daf1970dad700a1b6f52cc59 .text-icon.dt-icon-border-dotted.dt-icon-hover-border-on:after {\n  border-style: dotted;\n}\n.icon-with-text-shortcode.icon-text-id-25f62730daf1970dad700a1b6f52cc59 .text-icon.dt-icon-border-double.dt-icon-hover-border-on:after {\n  border-style: double;\n}\n.icon-with-text-shortcode.icon-text-id-25f62730daf1970dad700a1b6f52cc59 .text-icon.dt-icon-hover-on:hover {\n  font-size: 20px;\n}\n#page .icon-with-text-shortcode.icon-text-id-25f62730daf1970dad700a1b6f52cc59 .text-icon.dt-icon-hover-on:hover .soc-font-icon,\n#phantom .icon-with-text-shortcode.icon-text-id-25f62730daf1970dad700a1b6f52cc59 .text-icon.dt-icon-hover-on:hover .soc-font-icon,\n#page .icon-with-text-shortcode.icon-text-id-25f62730daf1970dad700a1b6f52cc59 .text-icon.dt-icon-hover-on:hover .soc-icon,\n#phantom .icon-with-text-shortcode.icon-text-id-25f62730daf1970dad700a1b6f52cc59 .text-icon.dt-icon-hover-on:hover .soc-icon {\n  color: #fff;\n  background: none;\n}\n#page .icon-with-text-shortcode.icon-text-id-25f62730daf1970dad700a1b6f52cc59 .text-icon.dt-icon-hover-on:not(:hover) .soc-font-icon,\n#phantom .icon-with-text-shortcode.icon-text-id-25f62730daf1970dad700a1b6f52cc59 .text-icon.dt-icon-hover-on:not(:hover) .soc-font-icon,\n#page .icon-with-text-shortcode.icon-text-id-25f62730daf1970dad700a1b6f52cc59 .text-icon.dt-icon-hover-on:not(:hover) .soc-icon,\n#phantom .icon-with-text-shortcode.icon-text-id-25f62730daf1970dad700a1b6f52cc59 .text-icon.dt-icon-hover-on:not(:hover) .soc-icon,\n#page .icon-with-text-shortcode.icon-text-id-25f62730daf1970dad700a1b6f52cc59 .text-icon.dt-icon-hover-off .soc-font-icon,\n#phantom .icon-with-text-shortcode.icon-text-id-25f62730daf1970dad700a1b6f52cc59 .text-icon.dt-icon-hover-off .soc-font-icon,\n#page .icon-with-text-shortcode.icon-text-id-25f62730daf1970dad700a1b6f52cc59 .text-icon.dt-icon-hover-off .soc-icon,\n#phantom .icon-with-text-shortcode.icon-text-id-25f62730daf1970dad700a1b6f52cc59 .text-icon.dt-icon-hover-off .soc-icon {\n  color: #0077b9;\n  background: none;\n}\n.icon-with-text-shortcode.icon-text-id-25f62730daf1970dad700a1b6f52cc59.layout-1 {\n  grid-template-columns: 24px minmax(0,1fr);\n  grid-column-gap: 10px;\n}\n.icon-with-text-shortcode.icon-text-id-25f62730daf1970dad700a1b6f52cc59.layout-2 {\n  grid-template-columns: minmax(0,1fr) 24px;\n  grid-column-gap: 0px;\n}\n.icon-with-text-shortcode.icon-text-id-25f62730daf1970dad700a1b6f52cc59.layout-2 .text-icon {\n  margin-left: 0;\n}\n.icon-with-text-shortcode.icon-text-id-25f62730daf1970dad700a1b6f52cc59.layout-3 {\n  grid-template-columns: 24px minmax(0,1fr);\n}\n.icon-with-text-shortcode.icon-text-id-25f62730daf1970dad700a1b6f52cc59.layout-3 .dt-text-title {\n  margin-left: 10px;\n}\n.icon-with-text-shortcode.icon-text-id-25f62730daf1970dad700a1b6f52cc59 .dt-text-title {\n  margin-bottom: 0px;\n}\n.icon-with-text-shortcode.icon-text-id-25f62730daf1970dad700a1b6f52cc59 .dt-text-desc {\n  margin-bottom: 0px;\n}<\/style><div class=\"icon-with-text-shortcode  icon-text-id-25f62730daf1970dad700a1b6f52cc59 layout-3  vc_custom_1703236690179 \" ><span   class=\"text-icon dt-icon-bg-off dt-icon-hover-off\" ><span class=\"icon-inner\"><i class=\"dt-regular-icon soc-icon Defaults-calendar\"><\/i><i class=\"dt-hover-icon soc-icon Defaults-calendar\"><\/i><\/span><\/span><p class=\"dt-text-title\"  >22, 23, 24, 25, 26, 29, 30 y 31 de Julio 2024 (horario de 9 h. a 13 h.)<\/p><\/div>[vc_separator color=\u00bbcustom\u00bb accent_color=\u00bb#94acba\u00bb][vc_custom_heading text=\u00bbALIMENTACI\u00d3N Y COMEDOR\u00bb font_container=\u00bbtag:h2|text_align:left|color:%230077b9&#8243; use_theme_fonts=\u00bbyes\u00bb][vc_column_text]El men\u00fa escolar estar\u00e1 a vuestra disposici\u00f3n tanto en el tabl\u00f3n de anuncios del centro, como en vuestras agendas electr\u00f3nicas.<\/p>\n<p>La contrataci\u00f3n de las comidas podr\u00e1 ser fija o por d\u00edas sueltos avisando, por la agenda electr\u00f3nica, con <strong>15 d\u00edas de antelaci\u00f3n para contratarla<\/strong>.<\/p>\n<p>Los ni\u00f1os que se queden al comedor traer\u00e1n a principio de curso dos baberos de manga larga y dos cortos.<\/p>\n<p>En el caso de alumnos lactantes, los padres deber\u00e1n proporcionar las leches maternizadas, papillas y otros alimentos prescritos por el pediatra.<\/p>\n<p>El servicio de comedor es proporcionado por la empresa SERUNION. Disponemos de men\u00fas triturados y men\u00fas basales, todos adaptados a las necesidades de los ni\u00f1os.<\/p>\n<p>En la hora del comedor tratamos de ense\u00f1ar a los ni\u00f1os a comer de manera aut\u00f3noma por lo que debe haber una coordinaci\u00f3n escuela-casa para una continuaci\u00f3n de los buenos h\u00e1bitos en la mesa.[\/vc_column_text][\/vc_column][\/vc_row]<\/p>\n<\/div>","protected":false},"excerpt":{"rendered":"<p>[vc_row][vc_column][vc_custom_heading text=\u00bbCALENDARIO SERVICIO DE COMEDOR\u00bb font_container=\u00bbtag:h2|text_align:left|color:%230077b9&#8243; use_theme_fonts=\u00bbyes\u00bb][vc_column_text css=\u00bb.vc_custom_1703236621153{margin-bottom: 15px !important;}\u00bb]El servicio de comedor comenzar\u00e1 el 4 de septiembre de 2023. Solo podr\u00e1n apuntarse los ni\u00f1os y ni\u00f1as que hayan finalizado el periodo de adaptaci\u00f3n. La tasa es de 90\u20ac independiente a la tasa de escolarizaci\u00f3n. Ofrecemos l\u00ednea fr\u00eda, es decir, nos traen la comida una&hellip;<\/p>\n","protected":false},"author":1,"featured_media":0,"parent":3305,"menu_order":2,"comment_status":"closed","ping_status":"closed","template":"","meta":{"footnotes":""},"class_list":["post-3333","page","type-page","status-publish","hentry","description-off"],"aioseo_notices":[],"publishpress_future_action":{"enabled":false,"date":"2026-04-25 23:51:23","action":"change-status","newStatus":"draft","terms":[],"taxonomy":"","extraData":[]},"publishpress_future_workflow_manual_trigger":{"enabledWorkflows":[]},"_links":{"self":[{"href":"https:\/\/www.figueruelas.es\/index.php\/wp-json\/wp\/v2\/pages\/3333","targetHints":{"allow":["GET"]}}],"collection":[{"href":"https:\/\/www.figueruelas.es\/index.php\/wp-json\/wp\/v2\/pages"}],"about":[{"href":"https:\/\/www.figueruelas.es\/index.php\/wp-json\/wp\/v2\/types\/page"}],"author":[{"embeddable":true,"href":"https:\/\/www.figueruelas.es\/index.php\/wp-json\/wp\/v2\/users\/1"}],"replies":[{"embeddable":true,"href":"https:\/\/www.figueruelas.es\/index.php\/wp-json\/wp\/v2\/comments?post=3333"}],"version-history":[{"count":4,"href":"https:\/\/www.figueruelas.es\/index.php\/wp-json\/wp\/v2\/pages\/3333\/revisions"}],"predecessor-version":[{"id":3660,"href":"https:\/\/www.figueruelas.es\/index.php\/wp-json\/wp\/v2\/pages\/3333\/revisions\/3660"}],"up":[{"embeddable":true,"href":"https:\/\/www.figueruelas.es\/index.php\/wp-json\/wp\/v2\/pages\/3305"}],"wp:attachment":[{"href":"https:\/\/www.figueruelas.es\/index.php\/wp-json\/wp\/v2\/media?parent=3333"}],"curies":[{"name":"wp","href":"https:\/\/api.w.org\/{rel}","templated":true}]}}