{"id":3398,"date":"2022-10-14T11:55:51","date_gmt":"2022-10-14T10:55:51","guid":{"rendered":"https:\/\/www.figueruelas.es\/?page_id=3398"},"modified":"2022-10-14T11:56:17","modified_gmt":"2022-10-14T10:56:17","slug":"normas-de-la-escuela","status":"publish","type":"page","link":"https:\/\/www.figueruelas.es\/index.php\/areas\/cultura-2\/escuela-infantil\/normas-de-la-escuela\/","title":{"rendered":"Normas de la escuela"},"content":{"rendered":"<div class=\"wpb-content-wrapper\"><p>[vc_row][vc_column][vc_column_text css=\u00bb.vc_custom_1665744741708{margin-bottom: 15px !important;}\u00bb]Dentro de las normas internas de la escuela cabe destacar las siguientes:[\/vc_column_text][vc_separator color=\u00bbcustom\u00bb accent_color=\u00bb#94acba\u00bb][vc_custom_heading text=\u00bbEn cuanto al vestuario\u00bb font_container=\u00bbtag:h2|text_align:left|color:%230077b9&#8243; use_theme_fonts=\u00bbyes\u00bb][vc_column_text css=\u00bb.vc_custom_1665744776239{margin-bottom: 15px !important;}\u00bb]Los ni\u00f1os\/as deben venir con ropa c\u00f3moda, es decir, <strong>NO<\/strong> se pueden traer con el siguiente vestuario ni accesorios: petos, pantalones con bot\u00f3n, pendientes de aro o largos, pulseras o sandalias.<\/p>\n<p><strong>S\u00cd<\/strong> pueden traer: mallas o pantalones de bot\u00f3n de clic y zapatillas preferentemente de velcro.[\/vc_column_text][vc_separator color=\u00bbcustom\u00bb accent_color=\u00bb#94acba\u00bb css=\u00bb.vc_custom_1665744633293{margin-top: 40px !important;}\u00bb][vc_custom_heading text=\u00bbEn cuanto a horarios de entradas y salidas\u00bb font_container=\u00bbtag:h2|text_align:left|color:%230077b9&#8243; use_theme_fonts=\u00bbyes\u00bb][vc_column_text css=\u00bb.vc_custom_1665744841047{margin-bottom: 15px !important;}\u00bb]Se debe respetar los horarios de entradas y salidas del centro excepto por causas justificadas (cita m\u00e9dica, viajes\u2026).<\/p>\n<p>Una vez realizada la salida de la 13:00h el ni\u00f1o\/a no podr\u00e1 acudir al centro hasta el d\u00eda siguiente. Tampoco podr\u00e1n volver los ni\u00f1os que hayan salido a partir de las 12h por asuntos m\u00e9dicos. Los ni\u00f1os del comedor, deben llegar justo a las 12h para poder quedarse en horario de tarde. Si lo hacen m\u00e1s tarde, tampoco podr\u00e1n traerlos de vuelta.<\/p>\n<p>El protocolo a seguir para realizar las entradas y salidas ser\u00e1 comunicado el d\u00eda de comienzo de la escuela y permanecer\u00e1 colgado en el tabl\u00f3n de anuncios de la entrada.<\/p>\n<p>Por otro lado, quedan prohibidas las entradas y salidas del centro entre la 13:00h y las 15:30h ya que es el momento de la siesta.[\/vc_column_text][vc_separator color=\u00bbcustom\u00bb accent_color=\u00bb#94acba\u00bb css=\u00bb.vc_custom_1665744633293{margin-top: 40px !important;}\u00bb][vc_custom_heading text=\u00bbJuguetes o materiales externos al centro\u00bb font_container=\u00bbtag:h2|text_align:left|color:%230077b9&#8243; use_theme_fonts=\u00bbyes\u00bb][vc_column_text css=\u00bb.vc_custom_1665744893148{margin-bottom: 15px !important;}\u00bb]No se podr\u00e1 traer a la escuela juguetes, peluches ni ning\u00fan otro material personal excepto en ocasiones en los que el centro os lo solicite.[\/vc_column_text][vc_separator color=\u00bbcustom\u00bb accent_color=\u00bb#94acba\u00bb css=\u00bb.vc_custom_1665744515630{margin-top: 40px !important;}\u00bb][vc_custom_heading text=\u00bbRopa de los ni\u00f1os\/as\u00bb font_container=\u00bbtag:h2|text_align:left|color:%230077b9&#8243; use_theme_fonts=\u00bbyes\u00bb][vc_column_text css=\u00bb.vc_custom_1665744925140{margin-bottom: 15px !important;}\u00bb]Todos los abrigos, chaquetas y jersey deben estar etiquetados con su nombre.[\/vc_column_text][\/vc_column][\/vc_row]<\/p>\n<\/div>","protected":false},"excerpt":{"rendered":"<p>[vc_row][vc_column][vc_column_text css=\u00bb.vc_custom_1665744741708{margin-bottom: 15px !important;}\u00bb]Dentro de las normas internas de la escuela cabe destacar las siguientes:[\/vc_column_text][vc_separator color=\u00bbcustom\u00bb accent_color=\u00bb#94acba\u00bb][vc_custom_heading text=\u00bbEn cuanto al vestuario\u00bb font_container=\u00bbtag:h2|text_align:left|color:%230077b9&#8243; use_theme_fonts=\u00bbyes\u00bb][vc_column_text css=\u00bb.vc_custom_1665744776239{margin-bottom: 15px !important;}\u00bb]Los ni\u00f1os\/as deben venir con ropa c\u00f3moda, es decir, NO se pueden traer con el siguiente vestuario ni accesorios: petos, pantalones con bot\u00f3n, pendientes de aro o largos, pulseras o&hellip;<\/p>\n","protected":false},"author":1,"featured_media":0,"parent":3305,"menu_order":8,"comment_status":"closed","ping_status":"closed","template":"","meta":{"footnotes":""},"class_list":["post-3398","page","type-page","status-publish","hentry","description-off"],"aioseo_notices":[],"publishpress_future_action":{"enabled":false,"date":"2026-04-25 23:51:31","action":"change-status","newStatus":"draft","terms":[],"taxonomy":"","extraData":[]},"publishpress_future_workflow_manual_trigger":{"enabledWorkflows":[]},"_links":{"self":[{"href":"https:\/\/www.figueruelas.es\/index.php\/wp-json\/wp\/v2\/pages\/3398","targetHints":{"allow":["GET"]}}],"collection":[{"href":"https:\/\/www.figueruelas.es\/index.php\/wp-json\/wp\/v2\/pages"}],"about":[{"href":"https:\/\/www.figueruelas.es\/index.php\/wp-json\/wp\/v2\/types\/page"}],"author":[{"embeddable":true,"href":"https:\/\/www.figueruelas.es\/index.php\/wp-json\/wp\/v2\/users\/1"}],"replies":[{"embeddable":true,"href":"https:\/\/www.figueruelas.es\/index.php\/wp-json\/wp\/v2\/comments?post=3398"}],"version-history":[{"count":1,"href":"https:\/\/www.figueruelas.es\/index.php\/wp-json\/wp\/v2\/pages\/3398\/revisions"}],"predecessor-version":[{"id":3399,"href":"https:\/\/www.figueruelas.es\/index.php\/wp-json\/wp\/v2\/pages\/3398\/revisions\/3399"}],"up":[{"embeddable":true,"href":"https:\/\/www.figueruelas.es\/index.php\/wp-json\/wp\/v2\/pages\/3305"}],"wp:attachment":[{"href":"https:\/\/www.figueruelas.es\/index.php\/wp-json\/wp\/v2\/media?parent=3398"}],"curies":[{"name":"wp","href":"https:\/\/api.w.org\/{rel}","templated":true}]}}