{"id":804,"date":"2017-03-20T11:31:15","date_gmt":"2017-03-20T11:31:15","guid":{"rendered":"http:\/\/www.figueruelas.es\/?page_id=804"},"modified":"2017-05-03T07:42:59","modified_gmt":"2017-05-03T07:42:59","slug":"modelo-de-instancia-general-5","status":"publish","type":"page","link":"https:\/\/www.figueruelas.es\/index.php\/ciudadano\/tramites\/modelo-de-instancia-general-5\/","title":{"rendered":"Modelo de Instancia-General"},"content":{"rendered":"<div class=\"wpb-content-wrapper\"><p>[vc_row][vc_column][vc_column_text]<\/p>\n<h3>\u00bfPara qu\u00e9 sirve?<\/h3>\n<p><strong>Materia:<\/strong> PROCEDIMIENTO ADMINISTRATIVO COM\u00daN<\/p>\n<p><strong>Submateria:<\/strong> Procedimiento Administrativo Com\u00fan<\/p>\n<p><strong>Dirigido a:\u00a0<\/strong><br \/>\n<img loading=\"lazy\" decoding=\"async\" class=\"alignleft size-full wp-image-752\" src=\"http:\/\/www.figueruelas.es\/wp-content\/uploads\/2017\/03\/icon-validar.png\" alt=\"V\u00e1lido\" width=\"16\" height=\"16\" \/>\u00a0 Personas F\u00edsicas<br \/>\n<img loading=\"lazy\" decoding=\"async\" class=\"alignleft size-full wp-image-752\" src=\"http:\/\/www.figueruelas.es\/wp-content\/uploads\/2017\/03\/icon-validar.png\" alt=\"V\u00e1lido\" width=\"16\" height=\"16\" \/>\u00a0 Personas Jur\u00eddicas<\/p>\n<p><strong>Unidad administrativa:<\/strong> A determinar por el Ayto.<\/p>\n<p><strong>Persona de contacto:<\/strong> A determinar por el Ayto.<\/p>\n<p><strong>Para que tengo que iniciarlo:<\/strong> Para solicitar a la Administraci\u00f3n el reconocimiento o ejercicio de un derecho o el inicio de una actividad.<\/p>\n<h3>\u00bfC\u00f3mo lo inicio?<\/h3>\n<p><strong>FORMA DE INICIACI\u00d3N:<\/strong><br \/>\n<img loading=\"lazy\" decoding=\"async\" class=\"alignleft size-full wp-image-751\" src=\"http:\/\/www.figueruelas.es\/wp-content\/uploads\/2017\/03\/icon-cruz.png\" alt=\"No v\u00e1lido\" width=\"16\" height=\"16\" \/>\u00a0 De Oficio<br \/>\n<img loading=\"lazy\" decoding=\"async\" class=\"alignleft size-full wp-image-752\" src=\"http:\/\/www.figueruelas.es\/wp-content\/uploads\/2017\/03\/icon-validar.png\" alt=\"V\u00e1lido\" width=\"16\" height=\"16\" \/>\u00a0 A instancia de parte<\/p>\n<p><strong>PLAZO DE PRESENTACI\u00d3N:<\/strong> En cualquier momento.<\/p>\n<p><strong>REQUISITOS PREVIOS:<\/strong><\/p>\n<p><strong>DOCUMENTACI\u00d3N REQUERIDA:<\/strong><\/p>\n<ul>\n<li>Modelo de instancia.<\/li>\n<li>Documentaci\u00f3n pertinente en base al objeto de la solicitud.<\/li>\n<\/ul>\n<p><strong>LUGAR DE PRESENTACI\u00d3N:<\/strong> En el Registro General del Ayuntamiento, por correo certificado o a trav\u00e9s del Registro Electr\u00f3nico con DNI electr\u00f3nico o certificado digital (as\u00ed como a trav\u00e9s de cualquiera de los medios recogidos en el art\u00edculo 38.4 de la Ley 30\/1992, de 26 de noviembre, de R\u00e9gimen Jur\u00eddico de las Administraciones P\u00fablicas y del Procedimiento Administrativo Com\u00fan).<\/p>\n<h3>\u00bfQu\u00e9 tributos o precios p\u00fablicos son aplicables?<\/h3>\n<p>TRIBUTOS Y PRECIOS P\u00daBLICOS APLICABLES<\/p>\n<h3>\u00bfCuando y c\u00f3mo se resuelve el procedimiento?<\/h3>\n<p>RESUMEN DE LOS PASOS A SEGUIR DURANTE LA TRAMITACI\u00d3N<\/p>\n<ol>\n<li>Solicitud del interesado.<\/li>\n<li>Tramitaci\u00f3n procedente.<\/li>\n<\/ol>\n<p><strong>DIAGRAMA DEL PROCEDIMIENTO<\/strong><\/p>\n<p><strong>PLAZO DE RESOLUCI\u00d3N Y NOTIFICACI\u00d3N M\u00c1XIMO<\/strong><\/p>\n<p><strong>\u00d3RGANO QUE RESUELVE<\/strong><\/p>\n<p><strong>EFECTOS DEL SILENCIO<\/strong><br \/>\nPositivo.<\/p>\n<ul>\n<li>\u00bfPONE FIN A LA V\u00cdA ADMINISTRATIVA?<br \/>\n<img loading=\"lazy\" decoding=\"async\" class=\"alignleft size-full wp-image-751\" src=\"http:\/\/www.figueruelas.es\/wp-content\/uploads\/2017\/03\/icon-cruz.png\" alt=\"No v\u00e1lido\" width=\"16\" height=\"16\" \/>\u00a0 No<\/li>\n<li>\u00bfEXISTE INTERRELACI\u00d3N CON OTRAS ADMINISTRACIONES?<br \/>\n<img loading=\"lazy\" decoding=\"async\" class=\"alignleft size-full wp-image-751\" src=\"http:\/\/www.figueruelas.es\/wp-content\/uploads\/2017\/03\/icon-cruz.png\" alt=\"No v\u00e1lido\" width=\"16\" height=\"16\" \/>\u00a0 No<\/li>\n<\/ul>\n<p><strong>AVISO LEGAL<\/strong><\/p>\n<p><strong>Plazo de Notificaci\u00f3n:<\/strong> Cabe la suspensi\u00f3n del plazo m\u00e1ximo legal para resolver y notificar un procedimiento, cuando se requiera al interesado la subsanaci\u00f3n de deficiencias o la aportaci\u00f3n de documentos u otros elementos de juicio, por el plazo que media entre la notificaci\u00f3n del requerimiento y su cumplimiento por el destinatario, o bien cuando transcurra el plazo establecido para contestar al requerimiento. Tambi\u00e9n cabe suspender el plazo para resolver cuando se soliciten a otras Administraciones P\u00fablicas, informes que sean determinantes para la resoluci\u00f3n del procedimiento. (art\u00edculo 42.5 de la Ley 30\/1992, de 26 de noviembre, de R\u00e9gimen Jur\u00eddico de las Administraciones P\u00fablicas y del Procedimiento Administrativo Com\u00fan).<br \/>\n<strong>Silencio:<\/strong> En caso de inactividad por falta de resoluci\u00f3n en los procedimientos administrativos, esta equivaldr\u00e1 a la aceptaci\u00f3n y aprobaci\u00f3n de la pretensi\u00f3n realizada (silencio positivo, estimatorio) o a la denegaci\u00f3n de la misma (silencio negativo, desestimatorio).<\/p>\n<h3>\u00bfQu\u00e9 posibilidades tengo de recurrir si no estoy conforme?<\/h3>\n<h5>RECURSOS<\/h5>\n<p><img loading=\"lazy\" decoding=\"async\" class=\"alignleft size-full wp-image-751\" src=\"http:\/\/www.figueruelas.es\/wp-content\/uploads\/2017\/03\/icon-cruz.png\" alt=\"No v\u00e1lido\" width=\"16\" height=\"16\" \/>RECURSO DE REPOSICI\u00d3N<\/p>\n<ul>\n<li>Plazo de interposici\u00f3n:\u00a0 .<\/li>\n<li>\u00bfAnte qui\u00e9n se recurre?:<\/li>\n<li>Plazo para resolver el recurso:<\/li>\n<\/ul>\n<p><img loading=\"lazy\" decoding=\"async\" class=\"alignleft size-full wp-image-751\" src=\"http:\/\/www.figueruelas.es\/wp-content\/uploads\/2017\/03\/icon-cruz.png\" alt=\"No v\u00e1lido\" width=\"16\" height=\"16\" \/>RECURSO CONTENCIOSO ADMINISTRATIVO<\/p>\n<ul>\n<li>Plazo de interposici\u00f3n:\u00a0 .<\/li>\n<li>\u00bfAnte qui\u00e9n se recurre?:<\/li>\n<\/ul>\n<p><img loading=\"lazy\" decoding=\"async\" class=\"alignleft size-full wp-image-751\" src=\"http:\/\/www.figueruelas.es\/wp-content\/uploads\/2017\/03\/icon-cruz.png\" alt=\"No v\u00e1lido\" width=\"16\" height=\"16\" \/>RECURSO DE REPOSICI\u00d3N A LA LIQUIDACI\u00d3N<\/p>\n<ul>\n<li>Plazo de interposici\u00f3n:.<\/li>\n<li>\u00bfAnte qui\u00e9n se recurre?:<\/li>\n<li>Plazo para resolver el recurso:<\/li>\n<\/ul>\n<p><img loading=\"lazy\" decoding=\"async\" class=\"alignleft size-full wp-image-751\" src=\"http:\/\/www.figueruelas.es\/wp-content\/uploads\/2017\/03\/icon-cruz.png\" alt=\"No v\u00e1lido\" width=\"16\" height=\"16\" \/>OTROS RECURSOS<\/p>\n<ul>\n<li>Plazo de interposici\u00f3n:.<\/li>\n<li>\u00bfAnte qui\u00e9n se recurre?:<\/li>\n<li>\u00a0Plazo para resolver el recurso:<\/li>\n<\/ul>\n<p><strong>AVISO LEGAL:<\/strong> Contra la resoluci\u00f3n, se podr\u00e1 interponer alternativamente o recurso de reposici\u00f3n potestativo ante el \u00f3rgano competente, en el plazo de un mes desde el d\u00eda siguiente a la publicaci\u00f3n del anuncio o desde que reciba la notificaci\u00f3n, conforme a los art\u00edculos 116 y 117 de la Ley de R\u00e9gimen Jur\u00eddico y Procedimiento Administrativo Com\u00fan, o recurso contencioso-administrativo ante el Juzgado de lo Contencioso Administrativo, en el plazo de dos meses a contar desde el d\u00eda siguiente a la recepci\u00f3n de la notificaci\u00f3n por el mismo, conforme al art\u00edculo 46 de la Ley de la Jurisdicci\u00f3n Contencioso-Administrativa. Si optara por interponer el recurso de reposici\u00f3n potestativo no podr\u00e1 interponer recurso contencioso-administrativo hasta que aquel sea resuelto expresamente o se haya producido su desestimaci\u00f3n por silencio. Todo ello sin perjuicio de interponer otro recurso que se considere pertinente. Contra la liquidaci\u00f3n practicada, cabe interponer recurso de reposici\u00f3n tributario, ante el \u00f3rgano competente, en el plazo de un mes desde el d\u00eda siguiente a la recepci\u00f3n de la notificaci\u00f3n, de conformidad con el art\u00edculo 14 del Real Decreto 2\/2004, de 5 de marzo, por el que se aprueba el Texto Refundido de la Ley Reguladora de las Haciendas Locales. Contra la resoluci\u00f3n del este recurso de reposici\u00f3n tributario cabr\u00e1 la interposici\u00f3n de recurso contencioso administrativo, teni\u00e9ndose un plazo dos meses a contar desde la recepci\u00f3n de la notificaci\u00f3n de la resoluci\u00f3n del recurso de reposici\u00f3n tributario y deber\u00e1 interponerlo ante la Sala de lo Contencioso-Administrativo. Si no existe resoluci\u00f3n expresa, tendr\u00e1 un plazo de seis meses, a contar desde la fecha en la que se entiende desestimado por silencio el recurso de reposici\u00f3n. Todo ello sin perjuicio de interponer otro recurso que se considere pertinente.<\/p>\n<h3>\u00bfQu\u00e9 otros tr\u00e1mites est\u00e1n relacionados?<\/h3>\n<h3>\u00bfQu\u00e9 normativa es aplicable al procedimiento?<\/h3>\n<ul>\n<li>La Ley 30\/1992, de 26 de noviembre, de R\u00e9gimen Jur\u00eddico de las Administraciones P\u00fablicas y del Procedimiento Administrativo Com\u00fan.<\/li>\n<\/ul>\n<h3>Preguntas frecuentes<\/h3>\n<p><strong>Pregunta:<\/strong> \u00bfCu\u00e1l es el contenido m\u00ednimo de una solicitud?<\/p>\n<p><strong>Respuesta:<\/strong> La solicitud deber\u00e1 contener como m\u00ednimo: a) Nombre y apellidos del interesado y, en su caso, de la persona que lo represente, as\u00ed como la identificaci\u00f3n del medio preferente o del lugar que se se\u00f1ale a efectos de notificaciones; b) Hechos, razones y petici\u00f3n en que se concrete, con toda claridad, la solicitud; c) Lugar y fecha; d) Firma del solicitante o acreditaci\u00f3n de la autenticidad de su voluntad expresada por cualquier medio; e) \u00d3rgano, centro o unidad administrativa a la que se dirige.<\/p>\n<hr \/>\n<p><strong>Pregunta:<\/strong> \u00bfC\u00f3mo puedo acreditar la presentaci\u00f3n de la instancia?<\/p>\n<p><strong>Respuesta:<\/strong> Los interesados podr\u00e1n exigir en las oficinas de la Administraci\u00f3n, el correspondiente recibo que acredite la fecha de presentaci\u00f3n, admiti\u00e9ndose como tal una copia en la que figure la fecha de presentaci\u00f3n anotada por la oficina.<\/p>\n<hr \/>\n<p><strong>Pregunta:<\/strong> \u00bfQu\u00e9 ocurre si la instancia presentada no re\u00fane los requisitos exigidos?<\/p>\n<p><strong>Respuesta:<\/strong> Se requerir\u00e1 al interesado para que, en un plazo de 10 d\u00edas, subsane la falta o acompa\u00f1e los documentos preceptivos, indic\u00e1ndole que si no lo hiciera, se le tendr\u00e1 por desistido de su petici\u00f3n.<\/p>\n<h3>Adjuntos:<\/h3>\n<ul>\n<li><a href=\"http:\/\/figueruelas.es\/pdf\/impresos\/INSTANCIA_GENERAL_30ENE2017.pdf\" target=\"_blank\" rel=\"noopener noreferrer\">Modelo de Instancia-General<\/a><\/li>\n<\/ul>\n<p>[\/vc_column_text][\/vc_column][\/vc_row]<\/p>\n<\/div>","protected":false},"excerpt":{"rendered":"<p>[vc_row][vc_column][vc_column_text] \u00bfPara qu\u00e9 sirve? Materia: PROCEDIMIENTO ADMINISTRATIVO COM\u00daN Submateria: Procedimiento Administrativo Com\u00fan Dirigido a:\u00a0 \u00a0 Personas F\u00edsicas \u00a0 Personas Jur\u00eddicas Unidad administrativa: A determinar por el Ayto. Persona de contacto: A determinar por el Ayto. Para que tengo que iniciarlo: Para solicitar a la Administraci\u00f3n el reconocimiento o ejercicio de un derecho o el inicio&hellip;<\/p>\n","protected":false},"author":1,"featured_media":0,"parent":739,"menu_order":10,"comment_status":"closed","ping_status":"closed","template":"","meta":{"footnotes":""},"class_list":["post-804","page","type-page","status-publish","hentry","description-off"],"aioseo_notices":[],"publishpress_future_action":{"enabled":false,"date":"2026-05-08 06:15:48","action":"change-status","newStatus":"draft","terms":[],"taxonomy":"","extraData":[]},"publishpress_future_workflow_manual_trigger":{"enabledWorkflows":[]},"_links":{"self":[{"href":"https:\/\/www.figueruelas.es\/index.php\/wp-json\/wp\/v2\/pages\/804","targetHints":{"allow":["GET"]}}],"collection":[{"href":"https:\/\/www.figueruelas.es\/index.php\/wp-json\/wp\/v2\/pages"}],"about":[{"href":"https:\/\/www.figueruelas.es\/index.php\/wp-json\/wp\/v2\/types\/page"}],"author":[{"embeddable":true,"href":"https:\/\/www.figueruelas.es\/index.php\/wp-json\/wp\/v2\/users\/1"}],"replies":[{"embeddable":true,"href":"https:\/\/www.figueruelas.es\/index.php\/wp-json\/wp\/v2\/comments?post=804"}],"version-history":[{"count":4,"href":"https:\/\/www.figueruelas.es\/index.php\/wp-json\/wp\/v2\/pages\/804\/revisions"}],"predecessor-version":[{"id":1660,"href":"https:\/\/www.figueruelas.es\/index.php\/wp-json\/wp\/v2\/pages\/804\/revisions\/1660"}],"up":[{"embeddable":true,"href":"https:\/\/www.figueruelas.es\/index.php\/wp-json\/wp\/v2\/pages\/739"}],"wp:attachment":[{"href":"https:\/\/www.figueruelas.es\/index.php\/wp-json\/wp\/v2\/media?parent=804"}],"curies":[{"name":"wp","href":"https:\/\/api.w.org\/{rel}","templated":true}]}}