{"id":873,"date":"2017-03-21T09:55:12","date_gmt":"2017-03-21T09:55:12","guid":{"rendered":"http:\/\/www.figueruelas.es\/?page_id=873"},"modified":"2024-11-28T15:18:49","modified_gmt":"2024-11-28T14:18:49","slug":"biblioteca","status":"publish","type":"page","link":"https:\/\/www.figueruelas.es\/index.php\/areas\/cultura-2\/biblioteca\/","title":{"rendered":"Biblioteca"},"content":{"rendered":"<div class=\"wpb-content-wrapper\"><p>[vc_row type=\u00bbvc_default\u00bb full_width=\u00bbstretch_row\u00bb css=\u00bb.vc_custom_1732799676946{border-top-width: 10px !important;border-bottom-width: 10px !important;padding-right: 20px !important;padding-left: 20px !important;background-image: url(https:\/\/www.figueruelas.es\/wp-content\/uploads\/2024\/11\/tour-banner-Biblioteca-1.jpg?id=3959) !important;background-position: center !important;background-repeat: no-repeat !important;background-size: cover !important;border-color: #0077B9 !important;}\u00bb][vc_column css=\u00bb.vc_custom_1732798204441{padding-top: 0px !important;padding-bottom: 0px !important;}\u00bb][vc_row_inner content_placement=\u00bbmiddle\u00bb][vc_column_inner width=\u00bb1\/2&#8243;][\/vc_column_inner][vc_column_inner width=\u00bb1\/2&#8243; css=\u00bb.vc_custom_1732799073348{padding-top: 50px !important;padding-right: 20px !important;padding-bottom: 20px !important;padding-left: 20px !important;background-color: #0077B987 !important;background-position: center !important;background-repeat: no-repeat !important;background-size: contain !important;}\u00bb][vc_single_image image=\u00bb3986&#8243; img_size=\u00bbfull\u00bb alignment=\u00bbcenter\u00bb onclick=\u00bbcustom_link\u00bb img_link_target=\u00bb_blank\u00bb css=\u00bb\u00bb link=\u00bbhttps:\/\/www.figueruelas.es\/tours-virtuales\/biblioteca-figueruelas\/\u00bb][vc_custom_heading text=\u00bbVISITA<br \/>\nLA BIBLIOTECA MUNICIPAL\u00bb font_container=\u00bbtag:h3|text_align:center|color:%23FFFFFF\u00bb use_theme_fonts=\u00bbyes\u00bb css=\u00bb\u00bb link=\u00bburl:https%3A%2F%2Fwww.figueruelas.es%2Ftours-virtuales%2Fbiblioteca-figueruelas%2F|target:_blank\u00bb][vc_single_image image=\u00bb3987&#8243; img_size=\u00bb100&#215;100&#8243; alignment=\u00bbcenter\u00bb onclick=\u00bbcustom_link\u00bb img_link_target=\u00bb_blank\u00bb css=\u00bb.vc_custom_1732799654781{margin-top: 10px !important;}\u00bb link=\u00bbhttps:\/\/www.figueruelas.es\/tours-virtuales\/biblioteca-figueruelas\/\u00bb][\/vc_column_inner][\/vc_row_inner][\/vc_column][\/vc_row][vc_row][vc_column][vc_column_text]<\/p>\n<p style=\"text-align: left; font-size: 16px;\"><span style=\"color: #333333;\">Nuestra biblioteca municipal se encuentra en el edificio de Usos Sociales en Avda. Isidoro Gracia n.\u00ba 3-5, en concreto nos situamos en la primera planta.<\/span><\/p>\n<p style=\"text-align: left; font-size: 16px;\"><span style=\"color: #333333;\">Nuestras instalaciones est\u00e1n dotadas de diferentes recursos, entre ellos podemos encontrarnos con un <strong>espacio TIC con ordenadores a disposici\u00f3n de los usuarios<\/strong>. As\u00ed como una amplia colecci\u00f3n de novelas recientemente publicadas, colecciones bibliogr\u00e1ficas, colecciones audiovisuales y un amplio etc\u00e9tera.<\/span><\/p>\n<p style=\"text-align: left; font-size: 16px;\"><span style=\"color: #333333;\">La biblioteca es un espacio id\u00f3neo para <strong>consultar libros<\/strong>, <strong>tener momentos de lectura<\/strong> o <strong>aprovechar tiempo estudio<\/strong>.<\/span><\/p>\n<p style=\"text-align: left; font-size: 16px;\"><span style=\"color: #333333;\">Las <strong>noticias de inter\u00e9s<\/strong> se van publicando diariamente en <a href=\"https:\/\/www.instagram.com\/bibliotecafigueruelas\/\" target=\"_blank\" rel=\"noopener\">nuestro perfil de Instagram<\/a>, as\u00ed como cambios de horario y noticias relevantes para nuestros usuarios.<\/span><\/p>\n<p>[\/vc_column_text][vc_separator color=\u00bbcustom\u00bb accent_color=\u00bb#94acba\u00bb][vc_custom_heading text=\u00bbHorarios\u00bb font_container=\u00bbtag:h2|text_align:left|color:%230077b9&#8243; google_fonts=\u00bbfont_family:Roboto%3A100%2C100italic%2C300%2C300italic%2Cregular%2Citalic%2C500%2C500italic%2C700%2C700italic%2C900%2C900italic|font_style:500%20bold%20regular%3A500%3Anormal\u00bb][vc_column_text css=\u00bb.vc_custom_1633533311496{margin-top: -8px !important;}\u00bb]Ponte encima de cada cuadro para ver los horarios[\/vc_column_text][vc_row_inner gap=\u00bb5&#8243;][vc_column_inner width=\u00bb1\/2&#8243;][vc_hoverbox image=\u00bb2685&#8243; primary_title=\u00bbInvierno\u00bb hover_title=\u00bbInvierno\u00bb hover_background_color=\u00bbcustom\u00bb css=\u00bb.vc_custom_1689602405487{background-image: url(https:\/\/www.figueruelas.es\/wp-content\/uploads\/2021\/10\/invierno.jpg?id=2685) !important;border-radius: 5px !important;}\u00bb]<\/p>\n<p style=\"text-align: center;\"><span style=\"color: #000000; font-size: 17px;\"><strong>De<\/strong> <strong>lunes a jueves de 16:30h. a 19:30h.<\/strong><\/span><\/p>\n<p style=\"text-align: center;\"><span style=\"color: #000000; font-size: 17px;\"><strong>Y viernes de 16h. a 19h.<\/strong><\/span><\/p>\n<p>[\/vc_hoverbox][\/vc_column_inner][vc_column_inner width=\u00bb1\/2&#8243;][vc_hoverbox image=\u00bb2686&#8243; primary_title=\u00bbVerano\u00bb hover_title=\u00bbVerano\u00bb hover_background_color=\u00bbcustom\u00bb css=\u00bb.vc_custom_1687785595520{background-image: url(https:\/\/www.figueruelas.es\/wp-content\/uploads\/2021\/10\/verano.jpg?id=2686) !important;border-radius: 5px !important;}\u00bb]<strong><span style=\"color: #ffffff; font-size: 17px;\">De lunes a viernes 11:30h a 14:30h<\/span><\/strong><\/p>\n<p>[\/vc_hoverbox][\/vc_column_inner][\/vc_row_inner][vc_separator color=\u00bbcustom\u00bb css=\u00bb.vc_custom_1633513381229{margin-top: 40px !important;}\u00bb accent_color=\u00bb#94acba\u00bb][vc_custom_heading text=\u00bbContacto\u00bb font_container=\u00bbtag:h2|text_align:left|color:%230077b9&#8243; google_fonts=\u00bbfont_family:Roboto%3A100%2C100italic%2C300%2C300italic%2Cregular%2Citalic%2C500%2C500italic%2C700%2C700italic%2C900%2C900italic|font_style:500%20bold%20regular%3A500%3Anormal\u00bb][vc_column_text]<span style=\"font-size: 16px; color: #333333;\"><i class=\"fas fa-phone\"><\/i> 976 65 63 22<\/span><\/p>\n<p><span style=\"font-size: 16px; color: #333333;\"><i class=\"fas fa-at\"><\/i> bibliofigueruelas@gmail.com<\/span><\/p>\n<p><span style=\"font-size: 16px; color: #333333;\"><i class=\"fab fa-instagram\"><\/i> <a style=\"color: #333333;\" href=\"https:\/\/www.instagram.com\/bibliotecafigueruelas\/\" target=\"_blank\" rel=\"noopener\">@bibliotecafigueruelas<\/a><\/span>[\/vc_column_text][\/vc_column][\/vc_row]<\/p>\n<\/div>","protected":false},"excerpt":{"rendered":"<p>[vc_row type=\u00bbvc_default\u00bb full_width=\u00bbstretch_row\u00bb css=\u00bb.vc_custom_1732799676946{border-top-width: 10px !important;border-bottom-width: 10px !important;padding-right: 20px !important;padding-left: 20px !important;background-image: url(https:\/\/www.figueruelas.es\/wp-content\/uploads\/2024\/11\/tour-banner-Biblioteca-1.jpg?id=3959) !important;background-position: center !important;background-repeat: no-repeat !important;background-size: cover !important;border-color: #0077B9 !important;}\u00bb][vc_column css=\u00bb.vc_custom_1732798204441{padding-top: 0px !important;padding-bottom: 0px !important;}\u00bb][vc_row_inner content_placement=\u00bbmiddle\u00bb][vc_column_inner width=\u00bb1\/2&#8243;][\/vc_column_inner][vc_column_inner width=\u00bb1\/2&#8243; css=\u00bb.vc_custom_1732799073348{padding-top: 50px !important;padding-right: 20px !important;padding-bottom: 20px !important;padding-left: 20px !important;background-color: #0077B987 !important;background-position: center !important;background-repeat: no-repeat !important;background-size: contain !important;}\u00bb][vc_single_image image=\u00bb3986&#8243; img_size=\u00bbfull\u00bb alignment=\u00bbcenter\u00bb onclick=\u00bbcustom_link\u00bb img_link_target=\u00bb_blank\u00bb css=\u00bb\u00bb link=\u00bbhttps:\/\/www.figueruelas.es\/tours-virtuales\/biblioteca-figueruelas\/\u00bb][vc_custom_heading text=\u00bbVISITA&hellip;<\/p>\n","protected":false},"author":1,"featured_media":0,"parent":1275,"menu_order":1,"comment_status":"closed","ping_status":"closed","template":"","meta":{"footnotes":""},"class_list":["post-873","page","type-page","status-publish","hentry","description-off"],"aioseo_notices":[],"publishpress_future_action":{"enabled":false,"date":"2026-05-09 04:50:31","action":"change-status","newStatus":"draft","terms":[],"taxonomy":"","extraData":[]},"publishpress_future_workflow_manual_trigger":{"enabledWorkflows":[]},"_links":{"self":[{"href":"https:\/\/www.figueruelas.es\/index.php\/wp-json\/wp\/v2\/pages\/873","targetHints":{"allow":["GET"]}}],"collection":[{"href":"https:\/\/www.figueruelas.es\/index.php\/wp-json\/wp\/v2\/pages"}],"about":[{"href":"https:\/\/www.figueruelas.es\/index.php\/wp-json\/wp\/v2\/types\/page"}],"author":[{"embeddable":true,"href":"https:\/\/www.figueruelas.es\/index.php\/wp-json\/wp\/v2\/users\/1"}],"replies":[{"embeddable":true,"href":"https:\/\/www.figueruelas.es\/index.php\/wp-json\/wp\/v2\/comments?post=873"}],"version-history":[{"count":22,"href":"https:\/\/www.figueruelas.es\/index.php\/wp-json\/wp\/v2\/pages\/873\/revisions"}],"predecessor-version":[{"id":4009,"href":"https:\/\/www.figueruelas.es\/index.php\/wp-json\/wp\/v2\/pages\/873\/revisions\/4009"}],"up":[{"embeddable":true,"href":"https:\/\/www.figueruelas.es\/index.php\/wp-json\/wp\/v2\/pages\/1275"}],"wp:attachment":[{"href":"https:\/\/www.figueruelas.es\/index.php\/wp-json\/wp\/v2\/media?parent=873"}],"curies":[{"name":"wp","href":"https:\/\/api.w.org\/{rel}","templated":true}]}}