{"id":880,"date":"2017-03-21T09:59:02","date_gmt":"2017-03-21T09:59:02","guid":{"rendered":"http:\/\/www.figueruelas.es\/?page_id=880"},"modified":"2021-10-06T11:38:05","modified_gmt":"2021-10-06T10:38:05","slug":"que-es-una-biblioteca","status":"publish","type":"page","link":"https:\/\/www.figueruelas.es\/index.php\/areas\/cultura-2\/biblioteca\/que-es-una-biblioteca\/","title":{"rendered":"\u00bfQu\u00e9 es una biblioteca?"},"content":{"rendered":"<div class=\"wpb-content-wrapper\"><p>[vc_row][vc_column][vc_column_text]<\/p>\n<p align=\"left\"><span style=\"color: #333333; font-size: 16px;\">Seg\u00fan la RAE es una instituci\u00f3n cuya finalidad consiste en la adquisici\u00f3n, conservaci\u00f3n, estudio y exposici\u00f3n de libros y documentos.<\/span><\/p>\n<p align=\"left\"><span style=\"color: #333333; font-size: 16px;\">Las materias generales que en estas nos encontramos se cifran del cero al nueve:<\/span><\/p>\n<p>[\/vc_column_text][\/vc_column][\/vc_row][vc_row][vc_column]<div class=\"standard-arrow list-divider bullet-top\"><ul>\n<li><span style=\"color: #333333; font-size: 16px;\">0.\u00a0Obras de referencia (enciclopedias y diccionarios).<\/span><\/li>\n<li><span style=\"color: #333333; font-size: 16px;\">1.\u00a0Filosof\u00eda y psicolog\u00eda.<\/span><\/li>\n<li><span style=\"color: #333333; font-size: 16px;\">2.\u00a0Religi\u00f3n.<\/span><\/li>\n<li><span style=\"color: #333333; font-size: 16px;\">3.\u00a0Ciencias sociales.<\/span><\/li>\n<li><span style=\"color: #333333; font-size: 16px;\">4.\u00a0Lengua.<\/span><\/li>\n<li><span style=\"color: #333333; font-size: 16px;\">5.\u00a0Ciencias exactas y ciencias naturales.<\/span><\/li>\n<li><span style=\"color: #333333; font-size: 16px;\">6.\u00a0Ciencias aplicadas y tecnolog\u00eda.<\/span><\/li>\n<li><span style=\"color: #333333; font-size: 16px;\">7.\u00a0Artes.<\/span><\/li>\n<li><span style=\"color: #333333; font-size: 16px;\">8.\u00a0Literatura.<\/span><\/li>\n<li><span style=\"color: #333333; font-size: 16px;\">9.\u00a0Historia y geograf\u00eda.<\/span><\/li>\n<\/ul>\n<\/div>[\/vc_column][\/vc_row]<\/p>\n<\/div>","protected":false},"excerpt":{"rendered":"<p>[vc_row][vc_column][vc_column_text] Seg\u00fan la RAE es una instituci\u00f3n cuya finalidad consiste en la adquisici\u00f3n, conservaci\u00f3n, estudio y exposici\u00f3n de libros y documentos. Las materias generales que en estas nos encontramos se cifran del cero al nueve: [\/vc_column_text][\/vc_column][\/vc_row][vc_row][vc_column][\/vc_column][\/vc_row]<\/p>\n","protected":false},"author":1,"featured_media":0,"parent":873,"menu_order":0,"comment_status":"closed","ping_status":"closed","template":"","meta":{"footnotes":""},"class_list":["post-880","page","type-page","status-publish","hentry","description-off"],"aioseo_notices":[],"publishpress_future_action":{"enabled":false,"date":"2026-05-09 05:47:14","action":"change-status","newStatus":"draft","terms":[],"taxonomy":"","extraData":[]},"publishpress_future_workflow_manual_trigger":{"enabledWorkflows":[]},"_links":{"self":[{"href":"https:\/\/www.figueruelas.es\/index.php\/wp-json\/wp\/v2\/pages\/880","targetHints":{"allow":["GET"]}}],"collection":[{"href":"https:\/\/www.figueruelas.es\/index.php\/wp-json\/wp\/v2\/pages"}],"about":[{"href":"https:\/\/www.figueruelas.es\/index.php\/wp-json\/wp\/v2\/types\/page"}],"author":[{"embeddable":true,"href":"https:\/\/www.figueruelas.es\/index.php\/wp-json\/wp\/v2\/users\/1"}],"replies":[{"embeddable":true,"href":"https:\/\/www.figueruelas.es\/index.php\/wp-json\/wp\/v2\/comments?post=880"}],"version-history":[{"count":4,"href":"https:\/\/www.figueruelas.es\/index.php\/wp-json\/wp\/v2\/pages\/880\/revisions"}],"predecessor-version":[{"id":2696,"href":"https:\/\/www.figueruelas.es\/index.php\/wp-json\/wp\/v2\/pages\/880\/revisions\/2696"}],"up":[{"embeddable":true,"href":"https:\/\/www.figueruelas.es\/index.php\/wp-json\/wp\/v2\/pages\/873"}],"wp:attachment":[{"href":"https:\/\/www.figueruelas.es\/index.php\/wp-json\/wp\/v2\/media?parent=880"}],"curies":[{"name":"wp","href":"https:\/\/api.w.org\/{rel}","templated":true}]}}