{"id":882,"date":"2017-03-21T10:04:51","date_gmt":"2017-03-21T10:04:51","guid":{"rendered":"http:\/\/www.figueruelas.es\/?page_id=882"},"modified":"2021-10-06T15:29:13","modified_gmt":"2021-10-06T14:29:13","slug":"normas-de-la-biblioteca","status":"publish","type":"page","link":"https:\/\/www.figueruelas.es\/index.php\/areas\/cultura-2\/biblioteca\/normas-de-la-biblioteca\/","title":{"rendered":"Normas de la biblioteca"},"content":{"rendered":"<div class=\"wpb-content-wrapper\"><p>[vc_row][vc_column]<div class=\"standard-arrow list-divider bullet-top\"><ul>\n<li><span style=\"color: #333333; font-size: 16px;\">El <strong>acceso a la Biblioteca<\/strong>, como servicio p\u00fablico municipal, es <strong>libre<\/strong> y <strong>gratuito<\/strong> para todas las personas.<\/span><\/li>\n<li><span style=\"color: #333333; font-size: 16px;\">Se permitir\u00e1 llevar documentos a domicilio (tres por socio), excepto los que se consideren que deben permanecer en la sala por inter\u00e9s general. Para ello, <strong>deber\u00e1 hacerse un carnet de socio de la Biblioteca<\/strong>, el cual servir\u00e1 para el resto de Bibliotecas incluidas en la Red de Bibliotecas de Arag\u00f3n.<\/span><\/li>\n<li><span style=\"color: #333333; font-size: 16px;\">La duraci\u00f3n del pr\u00e9stamo var\u00eda en funci\u00f3n del material que se trate, as\u00ed pues, <strong>los libros se prestan 21 d\u00edas<\/strong> con opci\u00f3n a ser renovados 21 d\u00edas m\u00e1s y <strong>los audiovisuales 7 d\u00edas<\/strong>.<\/span><\/li>\n<li><span style=\"color: #333333; font-size: 16px;\">Se ruega a los lectores el <strong>m\u00e1ximo cuidado de los documentos<\/strong> de la Biblioteca, haci\u00e9ndose responsable el lector de los deterioros o p\u00e9rdidas de los mismos. En caso de extrav\u00edo, el lector estar\u00e1 obligado a adquirir un ejemplar igual.<\/span><\/li>\n<li><span style=\"color: #333333; font-size: 16px;\">El <strong>uso de internet<\/strong> en los ordenadores de la Biblioteca es <strong>libre<\/strong> y <strong>gratuito<\/strong>. Quedar\u00e1 restringido a la b\u00fasqueda de informaci\u00f3n de contenidos adecuados a los fines de un centro cultural donde acuden menores.<\/span><\/li>\n<\/ul>\n<\/div>[\/vc_column][\/vc_row]<\/p>\n<\/div>","protected":false},"excerpt":{"rendered":"<p>[vc_row][vc_column][\/vc_column][\/vc_row]<\/p>\n","protected":false},"author":1,"featured_media":0,"parent":873,"menu_order":1,"comment_status":"closed","ping_status":"closed","template":"","meta":{"footnotes":""},"class_list":["post-882","page","type-page","status-publish","hentry","description-off"],"aioseo_notices":[],"publishpress_future_action":{"enabled":false,"date":"2026-05-09 05:45:42","action":"change-status","newStatus":"draft","terms":[],"taxonomy":"","extraData":[]},"publishpress_future_workflow_manual_trigger":{"enabledWorkflows":[]},"_links":{"self":[{"href":"https:\/\/www.figueruelas.es\/index.php\/wp-json\/wp\/v2\/pages\/882","targetHints":{"allow":["GET"]}}],"collection":[{"href":"https:\/\/www.figueruelas.es\/index.php\/wp-json\/wp\/v2\/pages"}],"about":[{"href":"https:\/\/www.figueruelas.es\/index.php\/wp-json\/wp\/v2\/types\/page"}],"author":[{"embeddable":true,"href":"https:\/\/www.figueruelas.es\/index.php\/wp-json\/wp\/v2\/users\/1"}],"replies":[{"embeddable":true,"href":"https:\/\/www.figueruelas.es\/index.php\/wp-json\/wp\/v2\/comments?post=882"}],"version-history":[{"count":6,"href":"https:\/\/www.figueruelas.es\/index.php\/wp-json\/wp\/v2\/pages\/882\/revisions"}],"predecessor-version":[{"id":2706,"href":"https:\/\/www.figueruelas.es\/index.php\/wp-json\/wp\/v2\/pages\/882\/revisions\/2706"}],"up":[{"embeddable":true,"href":"https:\/\/www.figueruelas.es\/index.php\/wp-json\/wp\/v2\/pages\/873"}],"wp:attachment":[{"href":"https:\/\/www.figueruelas.es\/index.php\/wp-json\/wp\/v2\/media?parent=882"}],"curies":[{"name":"wp","href":"https:\/\/api.w.org\/{rel}","templated":true}]}}