{"id":927,"date":"2017-03-21T10:45:12","date_gmt":"2017-03-21T10:45:12","guid":{"rendered":"http:\/\/www.figueruelas.es\/?page_id=927"},"modified":"2018-06-12T13:11:13","modified_gmt":"2018-06-12T12:11:13","slug":"que-es-una-ludoteca","status":"publish","type":"page","link":"https:\/\/www.figueruelas.es\/index.php\/areas\/cultura-2\/ludoteca\/que-es-una-ludoteca\/","title":{"rendered":"\u00bfQue es una ludoteca?"},"content":{"rendered":"<div class=\"wpb-content-wrapper\"><p>[vc_row][vc_column][vc_column_text]La ludoteca Municipal Trit\u00f3n es un centro donde se desarrolla una importante labor educativa a trav\u00e9s de un amplio programa de actividades y juegos.<\/p>\n<p>Las ludotecas favorecen el desarrollo y el aprendizaje de los ni\u00f1os, ofreciendo no solo el material y el espacio adecuado sino tambi\u00e9n la orientaci\u00f3n, ayuda y compa\u00f1\u00eda que los ni\u00f1os requieren, con la gu\u00eda de personal cualificado. Contamos con cuatro educadores especializados en el \u00e1rea pedag\u00f3gica y en el tiempo libre.<\/p>\n<p>Las ludotecas constituyen un recurso necesario y complementario a la escuela para el tiempo de ocio infantil, donde los ni\u00f1os hacen amigos, se divierten, aprenden, utilizan, respetan y comparten actividades, juguetes y juegos, a la vez que siguen afianzando los conocimientos que van adquiriendo en su vida diaria.<\/p>\n<p><span style=\"color: #cc3333;\"><strong>\u00a1\u00a1 Mam\u00e1, pap\u00e1, jugar es cosa seria !!<\/strong><\/span>[\/vc_column_text][\/vc_column][\/vc_row]<\/p>\n<\/div>","protected":false},"excerpt":{"rendered":"<p>[vc_row][vc_column][vc_column_text]La ludoteca Municipal Trit\u00f3n es un centro donde se desarrolla una importante labor educativa a trav\u00e9s de un amplio programa de actividades y juegos. Las ludotecas favorecen el desarrollo y el aprendizaje de los ni\u00f1os, ofreciendo no solo el material y el espacio adecuado sino tambi\u00e9n la orientaci\u00f3n, ayuda y compa\u00f1\u00eda que los ni\u00f1os requieren,&hellip;<\/p>\n","protected":false},"author":1,"featured_media":0,"parent":914,"menu_order":0,"comment_status":"closed","ping_status":"closed","template":"","meta":{"footnotes":""},"class_list":["post-927","page","type-page","status-publish","hentry","description-off"],"aioseo_notices":[],"publishpress_future_action":{"enabled":false,"date":"2026-05-16 05:25:30","action":"change-status","newStatus":"draft","terms":[],"taxonomy":"","extraData":[]},"publishpress_future_workflow_manual_trigger":{"enabledWorkflows":[]},"_links":{"self":[{"href":"https:\/\/www.figueruelas.es\/index.php\/wp-json\/wp\/v2\/pages\/927","targetHints":{"allow":["GET"]}}],"collection":[{"href":"https:\/\/www.figueruelas.es\/index.php\/wp-json\/wp\/v2\/pages"}],"about":[{"href":"https:\/\/www.figueruelas.es\/index.php\/wp-json\/wp\/v2\/types\/page"}],"author":[{"embeddable":true,"href":"https:\/\/www.figueruelas.es\/index.php\/wp-json\/wp\/v2\/users\/1"}],"replies":[{"embeddable":true,"href":"https:\/\/www.figueruelas.es\/index.php\/wp-json\/wp\/v2\/comments?post=927"}],"version-history":[{"count":3,"href":"https:\/\/www.figueruelas.es\/index.php\/wp-json\/wp\/v2\/pages\/927\/revisions"}],"predecessor-version":[{"id":2790,"href":"https:\/\/www.figueruelas.es\/index.php\/wp-json\/wp\/v2\/pages\/927\/revisions\/2790"}],"up":[{"embeddable":true,"href":"https:\/\/www.figueruelas.es\/index.php\/wp-json\/wp\/v2\/pages\/914"}],"wp:attachment":[{"href":"https:\/\/www.figueruelas.es\/index.php\/wp-json\/wp\/v2\/media?parent=927"}],"curies":[{"name":"wp","href":"https:\/\/api.w.org\/{rel}","templated":true}]}}