{"id":929,"date":"2017-03-21T10:47:42","date_gmt":"2017-03-21T10:47:42","guid":{"rendered":"http:\/\/www.figueruelas.es\/?page_id=929"},"modified":"2022-02-24T14:13:02","modified_gmt":"2022-02-24T13:13:02","slug":"horario","status":"publish","type":"page","link":"https:\/\/www.figueruelas.es\/index.php\/areas\/cultura-2\/ludoteca\/horario\/","title":{"rendered":"Horario"},"content":{"rendered":"<div class=\"wpb-content-wrapper\"><p>[vc_row][vc_column][vc_column_text]Nuestras actividades se desarrollan durante el curso escolar de la siguiente forma:.[\/vc_column_text][vc_row_inner css=\u00bb.vc_custom_1645706660413{margin-bottom: 30px !important;}\u00bb][vc_column_inner width=\u00bb1\/2&#8243;][vc_hoverbox image=\u00bb2685&#8243; primary_title=\u00bbHorario invierno\u00bb hover_title=\u00bbHorario invierno\u00bb hover_background_color=\u00bbcustom\u00bb css=\u00bb.vc_custom_1645707977107{background-image: url(https:\/\/www.figueruelas.es\/wp-content\/uploads\/2021\/10\/invierno.jpg?id=2685) !important;border-radius: 5px !important;}\u00bb]<strong>De lunes a viernes: de 17:15 a 19.45<\/strong><\/p>\n<p>[\/vc_hoverbox][\/vc_column_inner][vc_column_inner width=\u00bb1\/2&#8243;][vc_hoverbox image=\u00bb2686&#8243; primary_title=\u00bbHorario verano\u00bb hover_title=\u00bbHorario verano\u00bb hover_background_color=\u00bbcustom\u00bb css=\u00bb.vc_custom_1645707943221{background-image: url(https:\/\/www.figueruelas.es\/wp-content\/uploads\/2021\/10\/verano.jpg?id=2686) !important;background-position: center !important;background-repeat: no-repeat !important;background-size: cover !important;border-radius: 5px !important;}\u00bb]<strong><span style=\"color: #ffffff;\">De junio a septiembre vacaciones escolares:<\/span> de 10:30 a 13:00<\/strong><\/p>\n<p>[\/vc_hoverbox][\/vc_column_inner][\/vc_row_inner][vc_column_text]A lo largo de toda la semana los educadores cuentan con una hora y media de trabajo interno y programaci\u00f3n, evaluaci\u00f3n y preparaci\u00f3n de actividades. Contamos con atenci\u00f3n directa a padres de 16:30 a 17.[\/vc_column_text][\/vc_column][\/vc_row]<\/p>\n<\/div>","protected":false},"excerpt":{"rendered":"<p>[vc_row][vc_column][vc_column_text]Nuestras actividades se desarrollan durante el curso escolar de la siguiente forma:.[\/vc_column_text][vc_row_inner css=\u00bb.vc_custom_1645706660413{margin-bottom: 30px !important;}\u00bb][vc_column_inner width=\u00bb1\/2&#8243;][vc_hoverbox image=\u00bb2685&#8243; primary_title=\u00bbHorario invierno\u00bb hover_title=\u00bbHorario invierno\u00bb hover_background_color=\u00bbcustom\u00bb css=\u00bb.vc_custom_1645707977107{background-image: url(https:\/\/www.figueruelas.es\/wp-content\/uploads\/2021\/10\/invierno.jpg?id=2685) !important;border-radius: 5px !important;}\u00bb]De lunes a viernes: de 17:15 a 19.45 [\/vc_hoverbox][\/vc_column_inner][vc_column_inner width=\u00bb1\/2&#8243;][vc_hoverbox image=\u00bb2686&#8243; primary_title=\u00bbHorario verano\u00bb hover_title=\u00bbHorario verano\u00bb hover_background_color=\u00bbcustom\u00bb css=\u00bb.vc_custom_1645707943221{background-image: url(https:\/\/www.figueruelas.es\/wp-content\/uploads\/2021\/10\/verano.jpg?id=2686) !important;background-position: center !important;background-repeat: no-repeat !important;background-size: cover !important;border-radius: 5px !important;}\u00bb]De junio a&hellip;<\/p>\n","protected":false},"author":1,"featured_media":0,"parent":914,"menu_order":1,"comment_status":"closed","ping_status":"closed","template":"","meta":{"footnotes":""},"class_list":["post-929","page","type-page","status-publish","hentry","description-off"],"aioseo_notices":[],"publishpress_future_action":{"enabled":false,"date":"2026-04-28 10:05:47","action":"change-status","newStatus":"draft","terms":[],"taxonomy":"","extraData":[]},"publishpress_future_workflow_manual_trigger":{"enabledWorkflows":[]},"_links":{"self":[{"href":"https:\/\/www.figueruelas.es\/index.php\/wp-json\/wp\/v2\/pages\/929","targetHints":{"allow":["GET"]}}],"collection":[{"href":"https:\/\/www.figueruelas.es\/index.php\/wp-json\/wp\/v2\/pages"}],"about":[{"href":"https:\/\/www.figueruelas.es\/index.php\/wp-json\/wp\/v2\/types\/page"}],"author":[{"embeddable":true,"href":"https:\/\/www.figueruelas.es\/index.php\/wp-json\/wp\/v2\/users\/1"}],"replies":[{"embeddable":true,"href":"https:\/\/www.figueruelas.es\/index.php\/wp-json\/wp\/v2\/comments?post=929"}],"version-history":[{"count":15,"href":"https:\/\/www.figueruelas.es\/index.php\/wp-json\/wp\/v2\/pages\/929\/revisions"}],"predecessor-version":[{"id":2805,"href":"https:\/\/www.figueruelas.es\/index.php\/wp-json\/wp\/v2\/pages\/929\/revisions\/2805"}],"up":[{"embeddable":true,"href":"https:\/\/www.figueruelas.es\/index.php\/wp-json\/wp\/v2\/pages\/914"}],"wp:attachment":[{"href":"https:\/\/www.figueruelas.es\/index.php\/wp-json\/wp\/v2\/media?parent=929"}],"curies":[{"name":"wp","href":"https:\/\/api.w.org\/{rel}","templated":true}]}}