{"id":931,"date":"2017-03-21T10:51:47","date_gmt":"2017-03-21T10:51:47","guid":{"rendered":"http:\/\/www.figueruelas.es\/?page_id=931"},"modified":"2022-02-24T14:29:20","modified_gmt":"2022-02-24T13:29:20","slug":"actividades","status":"publish","type":"page","link":"https:\/\/www.figueruelas.es\/index.php\/areas\/cultura-2\/ludoteca\/actividades\/","title":{"rendered":"Actividades"},"content":{"rendered":"<div class=\"wpb-content-wrapper\"><p>[vc_row][vc_column][vc_custom_heading text=\u00bbActividades Juegos simb\u00f3licos\u00bb font_container=\u00bbtag:h2|text_align:left|color:%230077b9&#8243; use_theme_fonts=\u00bbyes\u00bb][vc_column_text]Los juegos simb\u00f3licos son los juegos de la imaginaci\u00f3n por excelencia. Con estos juegos los ni\u00f1os desarrollan su capacidad de comunicaci\u00f3n y expresi\u00f3n, adquieren confianza y seguridad, descubren sus posibilidades motrices, sensitivas y expresivas y permite a los ni\u00f1os pasar del egocentrismo a actitudes m\u00e1s abiertas, estimulando su imaginaci\u00f3n y colmando sus fantas\u00edas.[\/vc_column_text][vc_separator color=\u00bbcustom\u00bb accent_color=\u00bb#94acbc\u00bb][vc_custom_heading text=\u00bbActividades Teatro y T\u00edteres\u00bb font_container=\u00bbtag:h2|text_align:left|color:%230077b9&#8243; use_theme_fonts=\u00bbyes\u00bb][vc_column_text]Mejora las habilidades motoras, logrando un alto grado de libertad en el uso del cuerpo, esto ayuda a que los ni\u00f1os tengan mayor seguridad y autoestima, aumentando de esta forma la capacidad de relacionarse, hace que se desinhiba y venzan su timidez. Las representaciones teatrales, cuentos motores, juegos de m\u00edmica, desarrollan la memoria a la par que facilita la fluidez en el uso del lenguaje y la comunicaci\u00f3n.[\/vc_column_text][vc_separator color=\u00bbcustom\u00bb accent_color=\u00bb#94acbc\u00bb][vc_custom_heading text=\u00bbActividades Juegos cooperativos\u00bb font_container=\u00bbtag:h2|text_align:left|color:%230077b9&#8243; use_theme_fonts=\u00bbyes\u00bb][vc_column_text]Lo que predomina en los juegos cooperativos es la colaboraci\u00f3n entre participantes. Estos juegos crean un clima distendido y favorable a la cooperaci\u00f3n del grupo, donde el fin no es ganar sino divertirse y conseguir objetivos comunes.[\/vc_column_text][vc_separator color=\u00bbcustom\u00bb accent_color=\u00bb#94acbc\u00bb][vc_custom_heading text=\u00bbActividades Juegos predeportivos\u00bb font_container=\u00bbtag:h2|text_align:left|color:%230077b9&#8243; use_theme_fonts=\u00bbyes\u00bb][vc_column_text]Con estos juegos se pretende en primer lugar, la familiarizaci\u00f3n del ni\u00f1o\/a con el deporte (hockey, b\u00e1dminton, voleibol y f\u00fatbol\u2026), una toma de contacto con sus respectivos materiales (sticks, raquetas, volantes, pelotas, redes, porter\u00edas) y con sus reglas. Y en segundo lugar el desarrollo de habilidades, la capacidad de relaci\u00f3n entre los ni\u00f1os\/as, as\u00ed como del trabajo en equipo.[\/vc_column_text][vc_separator color=\u00bbcustom\u00bb accent_color=\u00bb#94acbc\u00bb][vc_custom_heading text=\u00bbActividades de exterior\u00bb font_container=\u00bbtag:h2|text_align:left|color:%230077b9&#8243; use_theme_fonts=\u00bbyes\u00bb][vc_column_text]Facilitan sus posibilidades de acci\u00f3n y exploraci\u00f3n. Ayuda a conocer m\u00e1s y mejor su cuerpo, a que tengan consciencia del espacio y sean m\u00e1s atentos y que por lo tanto tengan m\u00e1s facilidad a la hora de razonar.[\/vc_column_text][vc_separator color=\u00bbcustom\u00bb accent_color=\u00bb#94acbc\u00bb][vc_custom_heading text=\u00bbActividades Manualidades\u00bb font_container=\u00bbtag:h2|text_align:left|color:%230077b9&#8243; use_theme_fonts=\u00bbyes\u00bb][vc_column_text]Las actividades de expresi\u00f3n pl\u00e1stica, como dibujos, pinturas, modelado, trabajos de manipulaci\u00f3n y reciclaje, contribuyen ampliamente a la mejora de habilidades motrices, de coordinaci\u00f3n \u00f3culo-manual, as\u00ed como, las habilidades mentales, proporcionando un alto grado de satisfacci\u00f3n.[\/vc_column_text][\/vc_column][\/vc_row]<\/p>\n<\/div>","protected":false},"excerpt":{"rendered":"<p>[vc_row][vc_column][vc_custom_heading text=\u00bbActividades Juegos simb\u00f3licos\u00bb font_container=\u00bbtag:h2|text_align:left|color:%230077b9&#8243; use_theme_fonts=\u00bbyes\u00bb][vc_column_text]Los juegos simb\u00f3licos son los juegos de la imaginaci\u00f3n por excelencia. Con estos juegos los ni\u00f1os desarrollan su capacidad de comunicaci\u00f3n y expresi\u00f3n, adquieren confianza y seguridad, descubren sus posibilidades motrices, sensitivas y expresivas y permite a los ni\u00f1os pasar del egocentrismo a actitudes m\u00e1s abiertas, estimulando su imaginaci\u00f3n y&hellip;<\/p>\n","protected":false},"author":1,"featured_media":0,"parent":914,"menu_order":2,"comment_status":"closed","ping_status":"closed","template":"","meta":{"footnotes":""},"class_list":["post-931","page","type-page","status-publish","hentry","description-off"],"aioseo_notices":[],"publishpress_future_action":{"enabled":false,"date":"2026-05-01 22:27:48","action":"change-status","newStatus":"draft","terms":[],"taxonomy":"","extraData":[]},"publishpress_future_workflow_manual_trigger":{"enabledWorkflows":[]},"_links":{"self":[{"href":"https:\/\/www.figueruelas.es\/index.php\/wp-json\/wp\/v2\/pages\/931","targetHints":{"allow":["GET"]}}],"collection":[{"href":"https:\/\/www.figueruelas.es\/index.php\/wp-json\/wp\/v2\/pages"}],"about":[{"href":"https:\/\/www.figueruelas.es\/index.php\/wp-json\/wp\/v2\/types\/page"}],"author":[{"embeddable":true,"href":"https:\/\/www.figueruelas.es\/index.php\/wp-json\/wp\/v2\/users\/1"}],"replies":[{"embeddable":true,"href":"https:\/\/www.figueruelas.es\/index.php\/wp-json\/wp\/v2\/comments?post=931"}],"version-history":[{"count":5,"href":"https:\/\/www.figueruelas.es\/index.php\/wp-json\/wp\/v2\/pages\/931\/revisions"}],"predecessor-version":[{"id":2806,"href":"https:\/\/www.figueruelas.es\/index.php\/wp-json\/wp\/v2\/pages\/931\/revisions\/2806"}],"up":[{"embeddable":true,"href":"https:\/\/www.figueruelas.es\/index.php\/wp-json\/wp\/v2\/pages\/914"}],"wp:attachment":[{"href":"https:\/\/www.figueruelas.es\/index.php\/wp-json\/wp\/v2\/media?parent=931"}],"curies":[{"name":"wp","href":"https:\/\/api.w.org\/{rel}","templated":true}]}}