{"id":950,"date":"2017-03-21T11:23:09","date_gmt":"2017-03-21T11:23:09","guid":{"rendered":"http:\/\/www.figueruelas.es\/?page_id=950"},"modified":"2022-02-25T11:28:11","modified_gmt":"2022-02-25T10:28:11","slug":"tramites","status":"publish","type":"page","link":"https:\/\/www.figueruelas.es\/index.php\/areas\/cultura-2\/ludoteca\/tramites\/","title":{"rendered":"Tr\u00e1mites"},"content":{"rendered":"<div class=\"wpb-content-wrapper\"><p>[vc_row][vc_column]<div class=\"standard-number-list list-divider bullet-top\"><p>Para ser socio de la ludoteca debes traer:<\/p>\n<ol>\n<li>Fotocopia del libro del familia<\/li>\n<li>3 fotos tama\u00f1o carn\u00e9<\/li>\n<li>Fotocopia de la tarjeta de la seguridad social<\/li>\n<\/ol>\n<\/div><div class=\"standard-number-list list-divider bullet-top\"><p>Debes cumplir uno de\u00a0 estos dos requisitos:<\/p>\n<ol>\n<li>Estar empadronado en el municipio.<\/li>\n<li>Tener un v\u00ednculo con el municipio (parentesco familiar) en periodo vacacional.<\/li>\n<\/ol>\n<\/div>[vc_separator color=\u00bbcustom\u00bb accent_color=\u00bb#94acba\u00bb][vc_custom_heading text=\u00bbDOCUMENTACI\u00d3N PARA DESCARGAR\u00bb font_container=\u00bbtag:h2|text_align:left|color:%230077b9&#8243; use_theme_fonts=\u00bbyes\u00bb css=\u00bb.vc_custom_1645783054952{margin-bottom: 20px !important;}\u00bb]<div class=\"standard-arrow list-divider bullet-top\"><ul>\n<li><a href=\"http:\/\/figueruelas.es\/descargas\/fichadeinscripcion.pdf\" target=\"_blank\" rel=\"noopener\">FICHA DE INSCRIPCI\u00d3N<\/a><\/li>\n<li><a href=\"http:\/\/figueruelas.es\/descargas\/normativa-ludoteca-2017.pdf\" target=\"_blank\" rel=\"noopener\">NORMATIVA INTERNA DEL CENTRO<\/a><\/li>\n<li><a href=\"http:\/\/figueruelas.es\/descargas\/autorizacionexterior-mayores.pdf\" target=\"_blank\" rel=\"noopener\">AUTORIZACI\u00d3N DE EXTERIOR &#8211; ZONA MAYORES<\/a><br \/>\nA partir del primer a\u00f1o cumplido en la zona de mayores, los padres pueden firmar la autorizaci\u00f3n de exterior, si est\u00e1n de acuerdo en dejar salir solos a sus hijos sin la supervisi\u00f3n de un educador.<\/li>\n<li><a href=\"http:\/\/figueruelas.es\/descargas\/periododeadaptacionpequenyos.pdf\" target=\"_blank\" rel=\"noopener\">PERIODO DE ADAPTACI\u00d3N &#8211; ZONA PEQUE\u00d1OS<\/a><br \/>\nDestinado a los ni\u00f1os que acaban de entrar al centro. Los ni\u00f1os\u00a0 con edad de 3 a\u00f1os deber\u00e1n realizar este breve periodo para una mejor\u00a0 integraci\u00f3n.<\/li>\n<\/ul>\n<\/div>[\/vc_column][\/vc_row]<\/p>\n<\/div>","protected":false},"excerpt":{"rendered":"<p>[vc_row][vc_column][vc_separator color=\u00bbcustom\u00bb accent_color=\u00bb#94acba\u00bb][vc_custom_heading text=\u00bbDOCUMENTACI\u00d3N PARA DESCARGAR\u00bb font_container=\u00bbtag:h2|text_align:left|color:%230077b9&#8243; use_theme_fonts=\u00bbyes\u00bb css=\u00bb.vc_custom_1645783054952{margin-bottom: 20px !important;}\u00bb][\/vc_column][\/vc_row]<\/p>\n","protected":false},"author":1,"featured_media":0,"parent":914,"menu_order":5,"comment_status":"closed","ping_status":"closed","template":"","meta":{"footnotes":""},"class_list":["post-950","page","type-page","status-publish","hentry","description-off"],"aioseo_notices":[],"publishpress_future_action":{"enabled":false,"date":"2026-05-05 14:36:50","action":"change-status","newStatus":"draft","terms":[],"taxonomy":"","extraData":[]},"publishpress_future_workflow_manual_trigger":{"enabledWorkflows":[]},"_links":{"self":[{"href":"https:\/\/www.figueruelas.es\/index.php\/wp-json\/wp\/v2\/pages\/950","targetHints":{"allow":["GET"]}}],"collection":[{"href":"https:\/\/www.figueruelas.es\/index.php\/wp-json\/wp\/v2\/pages"}],"about":[{"href":"https:\/\/www.figueruelas.es\/index.php\/wp-json\/wp\/v2\/types\/page"}],"author":[{"embeddable":true,"href":"https:\/\/www.figueruelas.es\/index.php\/wp-json\/wp\/v2\/users\/1"}],"replies":[{"embeddable":true,"href":"https:\/\/www.figueruelas.es\/index.php\/wp-json\/wp\/v2\/comments?post=950"}],"version-history":[{"count":7,"href":"https:\/\/www.figueruelas.es\/index.php\/wp-json\/wp\/v2\/pages\/950\/revisions"}],"predecessor-version":[{"id":2814,"href":"https:\/\/www.figueruelas.es\/index.php\/wp-json\/wp\/v2\/pages\/950\/revisions\/2814"}],"up":[{"embeddable":true,"href":"https:\/\/www.figueruelas.es\/index.php\/wp-json\/wp\/v2\/pages\/914"}],"wp:attachment":[{"href":"https:\/\/www.figueruelas.es\/index.php\/wp-json\/wp\/v2\/media?parent=950"}],"curies":[{"name":"wp","href":"https:\/\/api.w.org\/{rel}","templated":true}]}}